{"id":438,"date":"2023-07-07T14:28:59","date_gmt":"2023-07-07T20:28:59","guid":{"rendered":"https:\/\/mipcel.com\/?post_type=product&#038;p=438"},"modified":"2023-07-07T14:29:14","modified_gmt":"2023-07-07T20:29:14","slug":"xiaomi-4g-10a-220233l2g","status":"publish","type":"product","link":"https:\/\/mipcel.com\/index.php\/producto\/xiaomi-4g-10a-220233l2g\/","title":{"rendered":"Xiaomi 4G 10A 220233L2G"},"content":{"rendered":"<p>\u00bfEst\u00e1s cansadit@ de quedarte siempre sin bater\u00eda? Pues en doto.com.mx te traemos el celular de tus sue\u00f1os, ya que incorpora una poderosa bater\u00eda, pero cuesta bien poquito money. Se trata del Redmi 10A, el sucesor del Redmi 9A, pero ahora con m\u00e1s poder; cuenta con una bater\u00eda de 5000 mAh compatible con carga de 10W, est\u00e1 hecho con una pantalla grande de 6.53\u201d a resoluci\u00f3n HD+ y en el interior est\u00e1 equipado con un procesador MediaTek Helio G25. En el apartado fotogr\u00e1fico encontrar\u00e1s una c\u00e1mara trasera de 13 MP y una c\u00e1mara frontal de 5 MP, adem\u00e1s, incluye lector de huella digital y Bluetooth 5.0, \u00bfqu\u00e9 esperas pa\u2019 llev\u00e1rtelo?<\/p>\n","protected":false},"excerpt":{"rendered":"<p>\u00bfEst\u00e1s cansadit@ de quedarte siempre sin bater\u00eda? Pues en doto.com.mx te traemos el celular de tus sue\u00f1os, ya que incorpora una poderosa bater\u00eda, pero cuesta bien poquito money. Se trata del Redmi 10A, el sucesor del Redmi 9A, pero ahora con m\u00e1s poder; cuenta con una bater\u00eda de 5000 mAh compatible con carga de 10W, est\u00e1 hecho con una pantalla grande de 6.53\u201d a resoluci\u00f3n HD+ y en el interior est\u00e1 equipado con un procesador MediaTek Helio G25. En el apartado fotogr\u00e1fico encontrar\u00e1s una c\u00e1mara trasera de 13 MP y una c\u00e1mara frontal de 5 MP, adem\u00e1s, incluye lector de huella digital y Bluetooth 5.0, \u00bfqu\u00e9 esperas pa\u2019 llev\u00e1rtelo?<\/p>\n","protected":false},"featured_media":472,"comment_status":"open","ping_status":"closed","template":"","meta":{"site-sidebar-layout":"default","site-content-layout":"","ast-site-content-layout":"default","site-content-style":"default","site-sidebar-style":"default","ast-global-header-display":"","ast-banner-title-visibility":"","ast-main-header-display":"","ast-hfb-above-header-display":"","ast-hfb-below-header-display":"","ast-hfb-mobile-header-display":"","site-post-title":"","ast-breadcrumbs-content":"","ast-featured-img":"","footer-sml-layout":"","ast-disable-related-posts":"","theme-transparent-header-meta":"","adv-header-id-meta":"","stick-header-meta":"","header-above-stick-meta":"","header-main-stick-meta":"","header-below-stick-meta":"","astra-migrate-meta-layouts":"default","ast-page-background-enabled":"default","ast-page-background-meta":{"desktop":{"background-color":"var(--ast-global-color-4)","background-image":"","background-repeat":"repeat","background-position":"center center","background-size":"auto","background-attachment":"scroll","background-type":"","background-media":"","overlay-type":"","overlay-color":"","overlay-opacity":"","overlay-gradient":""},"tablet":{"background-color":"","background-image":"","background-repeat":"repeat","background-position":"center center","background-size":"auto","background-attachment":"scroll","background-type":"","background-media":"","overlay-type":"","overlay-color":"","overlay-opacity":"","overlay-gradient":""},"mobile":{"background-color":"","background-image":"","background-repeat":"repeat","background-position":"center center","background-size":"auto","background-attachment":"scroll","background-type":"","background-media":"","overlay-type":"","overlay-color":"","overlay-opacity":"","overlay-gradient":""}},"ast-content-background-meta":{"desktop":{"background-color":"var(--ast-global-color-5)","background-image":"","background-repeat":"repeat","background-position":"center center","background-size":"auto","background-attachment":"scroll","background-type":"","background-media":"","overlay-type":"","overlay-color":"","overlay-opacity":"","overlay-gradient":""},"tablet":{"background-color":"var(--ast-global-color-5)","background-image":"","background-repeat":"repeat","background-position":"center center","background-size":"auto","background-attachment":"scroll","background-type":"","background-media":"","overlay-type":"","overlay-color":"","overlay-opacity":"","overlay-gradient":""},"mobile":{"background-color":"var(--ast-global-color-5)","background-image":"","background-repeat":"repeat","background-position":"center center","background-size":"auto","background-attachment":"scroll","background-type":"","background-media":"","overlay-type":"","overlay-color":"","overlay-opacity":"","overlay-gradient":""}}},"product_brand":[],"product_cat":[35],"product_tag":[],"class_list":{"0":"post-438","1":"product","2":"type-product","3":"status-publish","4":"has-post-thumbnail","6":"product_cat-xiaomi","7":"desktop-align-left","8":"tablet-align-left","9":"mobile-align-left","11":"first","12":"outofstock","13":"shipping-taxable","14":"purchasable","15":"product-type-simple"},"_links":{"self":[{"href":"https:\/\/mipcel.com\/index.php\/wp-json\/wp\/v2\/product\/438","targetHints":{"allow":["GET"]}}],"collection":[{"href":"https:\/\/mipcel.com\/index.php\/wp-json\/wp\/v2\/product"}],"about":[{"href":"https:\/\/mipcel.com\/index.php\/wp-json\/wp\/v2\/types\/product"}],"replies":[{"embeddable":true,"href":"https:\/\/mipcel.com\/index.php\/wp-json\/wp\/v2\/comments?post=438"}],"version-history":[{"count":1,"href":"https:\/\/mipcel.com\/index.php\/wp-json\/wp\/v2\/product\/438\/revisions"}],"predecessor-version":[{"id":473,"href":"https:\/\/mipcel.com\/index.php\/wp-json\/wp\/v2\/product\/438\/revisions\/473"}],"wp:featuredmedia":[{"embeddable":true,"href":"https:\/\/mipcel.com\/index.php\/wp-json\/wp\/v2\/media\/472"}],"wp:attachment":[{"href":"https:\/\/mipcel.com\/index.php\/wp-json\/wp\/v2\/media?parent=438"}],"wp:term":[{"taxonomy":"product_brand","embeddable":true,"href":"https:\/\/mipcel.com\/index.php\/wp-json\/wp\/v2\/product_brand?post=438"},{"taxonomy":"product_cat","embeddable":true,"href":"https:\/\/mipcel.com\/index.php\/wp-json\/wp\/v2\/product_cat?post=438"},{"taxonomy":"product_tag","embeddable":true,"href":"https:\/\/mipcel.com\/index.php\/wp-json\/wp\/v2\/product_tag?post=438"}],"curies":[{"name":"wp","href":"https:\/\/api.w.org\/{rel}","templated":true}]}}