{"id":439,"date":"2023-07-07T14:28:59","date_gmt":"2023-07-07T20:28:59","guid":{"rendered":"https:\/\/mipcel.com\/?post_type=product&#038;p=439"},"modified":"2023-07-07T14:29:15","modified_gmt":"2023-07-07T20:29:15","slug":"xiaomi-4-5g-11t-pro","status":"publish","type":"product","link":"https:\/\/mipcel.com\/index.php\/producto\/xiaomi-4-5g-11t-pro\/","title":{"rendered":"Xiaomi 4.5g 11t PRO"},"content":{"rendered":"<p>La Cinemagia te permite convertir tus momentos cotidianos en aut\u00e9ntica magia cinematogr\u00e1fica.<\/p>\n<p>Este dispositivo te ofrece el soporte que necesitas para cada etapa del proceso de creaci\u00f3n de contenido, desde incre\u00edbles fotograf\u00edas, espectaculares visuales, hasta grabaci\u00f3n de video con calidad profesional; la m\u00e1xima experiencia cinematogr\u00e1fica, ideal para contar las historias que te mueven.<\/p>\n","protected":false},"excerpt":{"rendered":"<p>C\u00e1mara de calidad profesional de 108MP \u00b7 Xiaomi HyperCharge de 120W<br \/>\nPantalla AMOLED de 120Hz, compatible con Dolby Vision\u00ae \u00b7 Qualcomm\u00ae Snapdragon\u2122 888<\/p>\n","protected":false},"featured_media":474,"comment_status":"open","ping_status":"closed","template":"","meta":{"site-sidebar-layout":"default","site-content-layout":"","ast-site-content-layout":"default","site-content-style":"default","site-sidebar-style":"default","ast-global-header-display":"","ast-banner-title-visibility":"","ast-main-header-display":"","ast-hfb-above-header-display":"","ast-hfb-below-header-display":"","ast-hfb-mobile-header-display":"","site-post-title":"","ast-breadcrumbs-content":"","ast-featured-img":"","footer-sml-layout":"","ast-disable-related-posts":"","theme-transparent-header-meta":"","adv-header-id-meta":"","stick-header-meta":"","header-above-stick-meta":"","header-main-stick-meta":"","header-below-stick-meta":"","astra-migrate-meta-layouts":"default","ast-page-background-enabled":"default","ast-page-background-meta":{"desktop":{"background-color":"var(--ast-global-color-4)","background-image":"","background-repeat":"repeat","background-position":"center center","background-size":"auto","background-attachment":"scroll","background-type":"","background-media":"","overlay-type":"","overlay-color":"","overlay-opacity":"","overlay-gradient":""},"tablet":{"background-color":"","background-image":"","background-repeat":"repeat","background-position":"center center","background-size":"auto","background-attachment":"scroll","background-type":"","background-media":"","overlay-type":"","overlay-color":"","overlay-opacity":"","overlay-gradient":""},"mobile":{"background-color":"","background-image":"","background-repeat":"repeat","background-position":"center center","background-size":"auto","background-attachment":"scroll","background-type":"","background-media":"","overlay-type":"","overlay-color":"","overlay-opacity":"","overlay-gradient":""}},"ast-content-background-meta":{"desktop":{"background-color":"var(--ast-global-color-5)","background-image":"","background-repeat":"repeat","background-position":"center center","background-size":"auto","background-attachment":"scroll","background-type":"","background-media":"","overlay-type":"","overlay-color":"","overlay-opacity":"","overlay-gradient":""},"tablet":{"background-color":"var(--ast-global-color-5)","background-image":"","background-repeat":"repeat","background-position":"center center","background-size":"auto","background-attachment":"scroll","background-type":"","background-media":"","overlay-type":"","overlay-color":"","overlay-opacity":"","overlay-gradient":""},"mobile":{"background-color":"var(--ast-global-color-5)","background-image":"","background-repeat":"repeat","background-position":"center center","background-size":"auto","background-attachment":"scroll","background-type":"","background-media":"","overlay-type":"","overlay-color":"","overlay-opacity":"","overlay-gradient":""}}},"product_brand":[],"product_cat":[35],"product_tag":[],"class_list":{"0":"post-439","1":"product","2":"type-product","3":"status-publish","4":"has-post-thumbnail","6":"product_cat-xiaomi","7":"desktop-align-left","8":"tablet-align-left","9":"mobile-align-left","11":"first","12":"outofstock","13":"sale","14":"shipping-taxable","15":"purchasable","16":"product-type-simple"},"_links":{"self":[{"href":"https:\/\/mipcel.com\/index.php\/wp-json\/wp\/v2\/product\/439","targetHints":{"allow":["GET"]}}],"collection":[{"href":"https:\/\/mipcel.com\/index.php\/wp-json\/wp\/v2\/product"}],"about":[{"href":"https:\/\/mipcel.com\/index.php\/wp-json\/wp\/v2\/types\/product"}],"replies":[{"embeddable":true,"href":"https:\/\/mipcel.com\/index.php\/wp-json\/wp\/v2\/comments?post=439"}],"version-history":[{"count":1,"href":"https:\/\/mipcel.com\/index.php\/wp-json\/wp\/v2\/product\/439\/revisions"}],"predecessor-version":[{"id":475,"href":"https:\/\/mipcel.com\/index.php\/wp-json\/wp\/v2\/product\/439\/revisions\/475"}],"wp:featuredmedia":[{"embeddable":true,"href":"https:\/\/mipcel.com\/index.php\/wp-json\/wp\/v2\/media\/474"}],"wp:attachment":[{"href":"https:\/\/mipcel.com\/index.php\/wp-json\/wp\/v2\/media?parent=439"}],"wp:term":[{"taxonomy":"product_brand","embeddable":true,"href":"https:\/\/mipcel.com\/index.php\/wp-json\/wp\/v2\/product_brand?post=439"},{"taxonomy":"product_cat","embeddable":true,"href":"https:\/\/mipcel.com\/index.php\/wp-json\/wp\/v2\/product_cat?post=439"},{"taxonomy":"product_tag","embeddable":true,"href":"https:\/\/mipcel.com\/index.php\/wp-json\/wp\/v2\/product_tag?post=439"}],"curies":[{"name":"wp","href":"https:\/\/api.w.org\/{rel}","templated":true}]}}