{"id":440,"date":"2023-07-07T14:28:59","date_gmt":"2023-07-07T20:28:59","guid":{"rendered":"https:\/\/mipcel.com\/?post_type=product&#038;p=440"},"modified":"2023-07-07T14:29:17","modified_gmt":"2023-07-07T20:29:17","slug":"samsung-lte-galaxy-a03s","status":"publish","type":"product","link":"https:\/\/mipcel.com\/index.php\/producto\/samsung-lte-galaxy-a03s\/","title":{"rendered":"Samsung LTE Galaxy A03S"},"content":{"rendered":"<p>Conoce el Galaxy A03s y sorpr\u00e9ndete con las ventajas que ofrece. Sistema de tres c\u00e1maras de 13 + 2 + 2 megapixeles y c\u00e1mara selfie de 5 megapixeles para capturar cada instante con detalles reales y buena definici\u00f3n. Pasa horas de entretenimiento en su pantalla Infinity-V de 6.5 pulgadas (HD+ TFT), con el desempe\u00f1o de sus 4 GB de memoria RAM y 64 GB de almacenamiento interno, todo soportado por su poderosa bater\u00eda de 5000 mAh.<\/p>\n","protected":false},"excerpt":{"rendered":"<p>Conoce el Galaxy A03s y sorpr\u00e9ndete con las ventajas que ofrece. Sistema de tres c\u00e1maras de 13 + 2 + 2 megapixeles y c\u00e1mara selfie de 5 megapixeles para capturar cada instante con detalles reales y buena definici\u00f3n. Pasa horas de entretenimiento en su pantalla Infinity-V de 6.5 pulgadas (HD+ TFT), con el desempe\u00f1o de sus 4 GB de memoria RAM y 64 GB de almacenamiento interno, todo soportado por su poderosa bater\u00eda de 5000 mAh.<\/p>\n","protected":false},"featured_media":476,"comment_status":"open","ping_status":"closed","template":"","meta":{"site-sidebar-layout":"default","site-content-layout":"","ast-site-content-layout":"default","site-content-style":"default","site-sidebar-style":"default","ast-global-header-display":"","ast-banner-title-visibility":"","ast-main-header-display":"","ast-hfb-above-header-display":"","ast-hfb-below-header-display":"","ast-hfb-mobile-header-display":"","site-post-title":"","ast-breadcrumbs-content":"","ast-featured-img":"","footer-sml-layout":"","ast-disable-related-posts":"","theme-transparent-header-meta":"","adv-header-id-meta":"","stick-header-meta":"","header-above-stick-meta":"","header-main-stick-meta":"","header-below-stick-meta":"","astra-migrate-meta-layouts":"default","ast-page-background-enabled":"default","ast-page-background-meta":{"desktop":{"background-color":"var(--ast-global-color-4)","background-image":"","background-repeat":"repeat","background-position":"center center","background-size":"auto","background-attachment":"scroll","background-type":"","background-media":"","overlay-type":"","overlay-color":"","overlay-opacity":"","overlay-gradient":""},"tablet":{"background-color":"","background-image":"","background-repeat":"repeat","background-position":"center center","background-size":"auto","background-attachment":"scroll","background-type":"","background-media":"","overlay-type":"","overlay-color":"","overlay-opacity":"","overlay-gradient":""},"mobile":{"background-color":"","background-image":"","background-repeat":"repeat","background-position":"center center","background-size":"auto","background-attachment":"scroll","background-type":"","background-media":"","overlay-type":"","overlay-color":"","overlay-opacity":"","overlay-gradient":""}},"ast-content-background-meta":{"desktop":{"background-color":"var(--ast-global-color-5)","background-image":"","background-repeat":"repeat","background-position":"center center","background-size":"auto","background-attachment":"scroll","background-type":"","background-media":"","overlay-type":"","overlay-color":"","overlay-opacity":"","overlay-gradient":""},"tablet":{"background-color":"var(--ast-global-color-5)","background-image":"","background-repeat":"repeat","background-position":"center center","background-size":"auto","background-attachment":"scroll","background-type":"","background-media":"","overlay-type":"","overlay-color":"","overlay-opacity":"","overlay-gradient":""},"mobile":{"background-color":"var(--ast-global-color-5)","background-image":"","background-repeat":"repeat","background-position":"center center","background-size":"auto","background-attachment":"scroll","background-type":"","background-media":"","overlay-type":"","overlay-color":"","overlay-opacity":"","overlay-gradient":""}}},"product_brand":[],"product_cat":[36],"product_tag":[],"class_list":{"0":"post-440","1":"product","2":"type-product","3":"status-publish","4":"has-post-thumbnail","6":"product_cat-samsung","7":"desktop-align-left","8":"tablet-align-left","9":"mobile-align-left","11":"first","12":"outofstock","13":"shipping-taxable","14":"purchasable","15":"product-type-simple"},"_links":{"self":[{"href":"https:\/\/mipcel.com\/index.php\/wp-json\/wp\/v2\/product\/440","targetHints":{"allow":["GET"]}}],"collection":[{"href":"https:\/\/mipcel.com\/index.php\/wp-json\/wp\/v2\/product"}],"about":[{"href":"https:\/\/mipcel.com\/index.php\/wp-json\/wp\/v2\/types\/product"}],"replies":[{"embeddable":true,"href":"https:\/\/mipcel.com\/index.php\/wp-json\/wp\/v2\/comments?post=440"}],"version-history":[{"count":1,"href":"https:\/\/mipcel.com\/index.php\/wp-json\/wp\/v2\/product\/440\/revisions"}],"predecessor-version":[{"id":477,"href":"https:\/\/mipcel.com\/index.php\/wp-json\/wp\/v2\/product\/440\/revisions\/477"}],"wp:featuredmedia":[{"embeddable":true,"href":"https:\/\/mipcel.com\/index.php\/wp-json\/wp\/v2\/media\/476"}],"wp:attachment":[{"href":"https:\/\/mipcel.com\/index.php\/wp-json\/wp\/v2\/media?parent=440"}],"wp:term":[{"taxonomy":"product_brand","embeddable":true,"href":"https:\/\/mipcel.com\/index.php\/wp-json\/wp\/v2\/product_brand?post=440"},{"taxonomy":"product_cat","embeddable":true,"href":"https:\/\/mipcel.com\/index.php\/wp-json\/wp\/v2\/product_cat?post=440"},{"taxonomy":"product_tag","embeddable":true,"href":"https:\/\/mipcel.com\/index.php\/wp-json\/wp\/v2\/product_tag?post=440"}],"curies":[{"name":"wp","href":"https:\/\/api.w.org\/{rel}","templated":true}]}}