{"id":442,"date":"2023-07-07T14:28:59","date_gmt":"2023-07-07T20:28:59","guid":{"rendered":"https:\/\/mipcel.com\/?post_type=product&#038;p=442"},"modified":"2024-11-08T13:30:53","modified_gmt":"2024-11-08T19:30:53","slug":"oppo-reno-6-5g","status":"publish","type":"product","link":"https:\/\/mipcel.com\/index.php\/producto\/oppo-reno-6-5g\/","title":{"rendered":"Oppo Reno 6 5G"},"content":{"rendered":"<p><strong>OPPO Reno6 5G<\/strong><br \/>\nVideo Retrato con Bokeh Flare<br \/>\nMediaTek Dimensity 900<br \/>\n65W SuperVOOC 2.0<br \/>\nOPPO Reno Glow<br \/>\nDise\u00f1o Retro Ultra-Delgado<\/p>\n<p><strong>Tama\u00f1o y Peso<\/strong><br \/>\nAltura: Alrededor de 156.8mm<br \/>\nAncho: Alrededor de 72.1mm<br \/>\nGrosor: Alrededor de 7.59mm<br \/>\nPeso: Alrededor de 182g<\/p>\n<p><strong>Memoria<\/strong><br \/>\n8GB RAM + 128GB ROM<br \/>\nTipo de RAM: LPDDR4X @ 2133 MHz, 2 x 16 bits<br \/>\nMemoria Externa: 5GB extra de memoria<br \/>\nVersi\u00f3n USB: USB 2.0<\/p>\n<p><strong>Pantalla<\/strong><br \/>\nTama\u00f1o: 6.4&#8243;<br \/>\nProporci\u00f3n de pantalla: 91.7%<br \/>\nResoluci\u00f3n: FHD+ (1080 \u00d7 2400)<br \/>\nTasa de Frecuencia: M\u00e1ximo: 90 Hz \/ Opciones: 90 Hz or 60 Hz<br \/>\nVelocidad de Muestreo T\u00e1ctil: M\u00e1ximo: 180 Hz<br \/>\nGama de Color: \u00abV\u00edvido: 93.28%DCI-P3, 135.13%sRGB \/ Sutil: 73.72%DCI-P3, 100%Srgb\u00bb<br \/>\nDensidad de P\u00edxel: 410 PPI<br \/>\nTasa de contraste: M\u00e1ximo est\u00e1tico: 1,000,000:1 (Valor caracter\u00edstico)<br \/>\nBrillo: Valor caracter\u00edstico de 430 nits, con un m\u00e1ximo de 600 nits en l\u00faz de d\u00eda (caracter\u00edstico) y un brillo m\u00e1ximo local de 750 nits.<br \/>\nPanel: AMOLED (Pantalla r\u00edgida)<\/p>\n<p><strong>C\u00e1mara Trasera<\/strong><br \/>\n64MP C\u00e1mara Principal: f\/1.7; FOV 81\u00b0; 6P lens; AF compatible; motor de enfoque circuito cerrado<br \/>\n8MP C\u00e1mara Ultra Gran Angular: f\/2.2; FOV 120\u00b0; 5P lente; FF<br \/>\n2MP C\u00e1mara Macro: f\/2.4; FOV 89\u00b0; 3P lente; FF<\/p>\n<p><strong>Frente<\/strong><br \/>\n32MP (f\/2.4); FOV 85\u00b0; lente: 5P, FF<br \/>\nTama\u00f1o de Imagen<\/p>\n<p><strong>Trasera:<\/strong><br \/>\nTama\u00f1o m\u00e1ximo: 6936 x 9248 (64MP)<br \/>\nTama\u00f1o de fotos en diferentes relaciones de aspecto:<br \/>\n3468 x 4624 (4:3)<br \/>\n3468 x 3468 (1:1)<br \/>\n2080 x 4624 (pantalla completa)<br \/>\n2608 x 4624 (16:9)<\/p>\n<p><strong>Frente:<\/strong><br \/>\n4896 x 6528 (4:3)<br \/>\n4896 x 4896 (1:1)<br \/>\n2944 x 6528 (completa)<br \/>\n3680 x 6528 (16:9)<\/p>\n<p><strong>Video<\/strong><br \/>\nTrasera<br \/>\nC\u00e1mara trasera compatible hasta 4K (30 fps), 1080P@60 fps\/30 fps, 720P@60 fps\/30 fps.<br \/>\nFrente<br \/>\n1080P\/720P@30 fps, predeterminado: 1080P@30 fps<\/p>\n<p><strong>Microprocesador<\/strong><br \/>\nCPU: MediaTek Dimensity 900<br \/>\nVelocidad CPU: 8 n\u00facleos con una frecuencia m\u00e1xima de 2.4 GHz (2 n\u00facleos grandes + 6 n\u00facleos peque\u00f1os)<br \/>\nN\u00facleos de CPU: 8 n\u00facleos<br \/>\nModelo de GPU: ARM Mali-G68 MC4<\/p>\n<p><strong>Bater\u00eda<\/strong><br \/>\n4300 mAh\/16.64 Wh (Caracter\u00edstico)<br \/>\n* Dos conjuntos de celdas conectadas, equivalentes a una capacidad total de 4300mAh<br \/>\nCarga R\u00e1pida<br \/>\nCompatible con carga SuperVOOC 2.0, SuperVOOC, VOOC 3.0, PD (9V\/2A), QC (9V\/2A)<\/p>\n<p><strong>Biom\u00e9tricos<\/strong><br \/>\nCompatible con Huella Dactilar En-Pantalla y Desbloqueo Facial<\/p>\n<p><strong>Sensores<\/strong><br \/>\nSensor geomagn\u00e9tico<br \/>\nSensor de temperatura de color<br \/>\nSensor de proximidad a pantalla<br \/>\nSensor \u00f3ptico de pantalla<br \/>\nAceler\u00f3metro<br \/>\nSensor de gravedad<br \/>\nGiroscopio<br \/>\nPod\u00f3metro<\/p>\n<p><strong>Red Celular<\/strong><br \/>\nTipo de Tarjeta SIM : Tarjeta Nano-SIM<br \/>\n* Funciones accesibles en la red en vivo dependen de las situaciones<br \/>\nTarjeta SIM 1<br \/>\n2G: GSM 850\/900\/1800\/1900 MHz<br \/>\n3G: UMTS (WCDMA) bands 1\/2\/4\/5\/6\/8\/19<br \/>\n4G: TD-LTE bands 38\/39\/40\/41<br \/>\n4G: LTE FDD bands 1\/2\/3\/4\/5\/7\/8\/12\/17\/18\/19\/20\/26\/28\/66<br \/>\n5G: n1\/n3\/n5\/n8\/n20\/n28\/n7\/n38\/n40\/n41\/n66\/n77\/n78<\/p>\n<p><strong>Conectividad<\/strong><br \/>\nWLAN: Wi-Fi 6 (802.11ax), Wi-Fi 5 (802.11ac), 802.11a\/b\/g\/n\/; Wi-Fi 2.4G\/5.1G\/5.8G; Wi-Fi Display and Wi-Fi tethering; 2\u00d72 MIMO and MU-MIMO<br \/>\nVersi\u00f3n Bluetooth: Bluetooth v5.2<br \/>\nC\u00f3dec de Audio Bluetooth: SBC, AAC, aptX, LDAC y LHDC<br \/>\nInterfase USB: USB Tipo-C<br \/>\nConector Aud\u00edfonos: Aud\u00edfono Tipo-C<br \/>\nNFC: Compatible con Android Beam, UICC \/ Multifunciones NFC: Supports HCE y NFC-SIM<\/p>\n<p><strong>Sistema Operativo<\/strong><br \/>\nColorOS 11.3 basado en Android 11<\/p>\n<p><strong>Tecnolog\u00eda de Ubicaci\u00f3n<\/strong><br \/>\nGNSS: Compatible con el Sistema de Navegaci\u00f3n Satelital BeiDou, GPS, GLONASS, Sistemas de posicionamiento Galileo (GALILEO) y Sistema Satelital Quasi-Zenith (QZSS)<br \/>\nOtros: Compatibles con AGPS, Wi-Fi, red m\u00f3vil y comp\u00e1s el\u00e9ctrico<br \/>\nMapas: Compatible con Google Maps y otras aplicaci\u00f3n de terceras entidades<\/p>\n","protected":false},"excerpt":{"rendered":"<p><strong>Crea memorias extraordinarias de tu d\u00eda a d\u00eda.<\/strong><\/p>\n<p>Activado por algoritmos de IA corriendo miles de computaciones por segundo, nuestro <strong>Video Retrato con Bokeh Flare<\/strong>, punta de lanza de la industria, convierte las luces de segundo plano en c\u00edrculos fant\u00e1sticos que har\u00e1n que cualquier momento se sienta especial.<\/p>\n","protected":false},"featured_media":480,"comment_status":"open","ping_status":"closed","template":"","meta":{"site-sidebar-layout":"default","site-content-layout":"","ast-site-content-layout":"default","site-content-style":"default","site-sidebar-style":"default","ast-global-header-display":"","ast-banner-title-visibility":"","ast-main-header-display":"","ast-hfb-above-header-display":"","ast-hfb-below-header-display":"","ast-hfb-mobile-header-display":"","site-post-title":"","ast-breadcrumbs-content":"","ast-featured-img":"","footer-sml-layout":"","ast-disable-related-posts":"","theme-transparent-header-meta":"","adv-header-id-meta":"","stick-header-meta":"","header-above-stick-meta":"","header-main-stick-meta":"","header-below-stick-meta":"","astra-migrate-meta-layouts":"default","ast-page-background-enabled":"default","ast-page-background-meta":{"desktop":{"background-color":"var(--ast-global-color-4)","background-image":"","background-repeat":"repeat","background-position":"center center","background-size":"auto","background-attachment":"scroll","background-type":"","background-media":"","overlay-type":"","overlay-color":"","overlay-opacity":"","overlay-gradient":""},"tablet":{"background-color":"","background-image":"","background-repeat":"repeat","background-position":"center center","background-size":"auto","background-attachment":"scroll","background-type":"","background-media":"","overlay-type":"","overlay-color":"","overlay-opacity":"","overlay-gradient":""},"mobile":{"background-color":"","background-image":"","background-repeat":"repeat","background-position":"center center","background-size":"auto","background-attachment":"scroll","background-type":"","background-media":"","overlay-type":"","overlay-color":"","overlay-opacity":"","overlay-gradient":""}},"ast-content-background-meta":{"desktop":{"background-color":"var(--ast-global-color-5)","background-image":"","background-repeat":"repeat","background-position":"center center","background-size":"auto","background-attachment":"scroll","background-type":"","background-media":"","overlay-type":"","overlay-color":"","overlay-opacity":"","overlay-gradient":""},"tablet":{"background-color":"var(--ast-global-color-5)","background-image":"","background-repeat":"repeat","background-position":"center center","background-size":"auto","background-attachment":"scroll","background-type":"","background-media":"","overlay-type":"","overlay-color":"","overlay-opacity":"","overlay-gradient":""},"mobile":{"background-color":"var(--ast-global-color-5)","background-image":"","background-repeat":"repeat","background-position":"center center","background-size":"auto","background-attachment":"scroll","background-type":"","background-media":"","overlay-type":"","overlay-color":"","overlay-opacity":"","overlay-gradient":""}}},"product_brand":[],"product_cat":[38],"product_tag":[],"class_list":{"0":"post-442","1":"product","2":"type-product","3":"status-publish","4":"has-post-thumbnail","6":"product_cat-oppo","7":"desktop-align-left","8":"tablet-align-left","9":"mobile-align-left","11":"first","12":"outofstock","13":"sale","14":"shipping-taxable","15":"purchasable","16":"product-type-simple"},"_links":{"self":[{"href":"https:\/\/mipcel.com\/index.php\/wp-json\/wp\/v2\/product\/442","targetHints":{"allow":["GET"]}}],"collection":[{"href":"https:\/\/mipcel.com\/index.php\/wp-json\/wp\/v2\/product"}],"about":[{"href":"https:\/\/mipcel.com\/index.php\/wp-json\/wp\/v2\/types\/product"}],"replies":[{"embeddable":true,"href":"https:\/\/mipcel.com\/index.php\/wp-json\/wp\/v2\/comments?post=442"}],"version-history":[{"count":1,"href":"https:\/\/mipcel.com\/index.php\/wp-json\/wp\/v2\/product\/442\/revisions"}],"predecessor-version":[{"id":481,"href":"https:\/\/mipcel.com\/index.php\/wp-json\/wp\/v2\/product\/442\/revisions\/481"}],"wp:featuredmedia":[{"embeddable":true,"href":"https:\/\/mipcel.com\/index.php\/wp-json\/wp\/v2\/media\/480"}],"wp:attachment":[{"href":"https:\/\/mipcel.com\/index.php\/wp-json\/wp\/v2\/media?parent=442"}],"wp:term":[{"taxonomy":"product_brand","embeddable":true,"href":"https:\/\/mipcel.com\/index.php\/wp-json\/wp\/v2\/product_brand?post=442"},{"taxonomy":"product_cat","embeddable":true,"href":"https:\/\/mipcel.com\/index.php\/wp-json\/wp\/v2\/product_cat?post=442"},{"taxonomy":"product_tag","embeddable":true,"href":"https:\/\/mipcel.com\/index.php\/wp-json\/wp\/v2\/product_tag?post=442"}],"curies":[{"name":"wp","href":"https:\/\/api.w.org\/{rel}","templated":true}]}}