{"id":444,"date":"2023-07-07T14:28:59","date_gmt":"2023-07-07T20:28:59","guid":{"rendered":"https:\/\/mipcel.com\/?post_type=product&#038;p=444"},"modified":"2024-11-08T13:31:03","modified_gmt":"2024-11-08T19:31:03","slug":"xiaomi-note-10s","status":"publish","type":"product","link":"https:\/\/mipcel.com\/index.php\/producto\/xiaomi-note-10s\/","title":{"rendered":"Xiaomi Note 10S"},"content":{"rendered":"<p>Caracter\u00edsticas<\/p>\n<p>Pantalla<br \/>\n2400 x 1080 pixeles, 6.43 pulgadas<\/p>\n<p>C\u00e1mara<br \/>\nC\u00e1mara frontal: 13 megapixeles<br \/>\nC\u00e1mara trasera: 64 + 8 + 2 + 2 megapixeles<\/p>\n<p>Memoria<br \/>\nMemoria externa: Micro SD expandible hasta 512 GB.<br \/>\nMemoria interna: 128 GB de memoria total, 119 GB de memoria disponible para usuario.<\/p>\n<p>Procesador<br \/>\nMTK MT6785 Helio G95 Octa Core ( 2 x 2.05 GHz + 6 x 2.0 GHz )<\/p>\n<p>Conexiones Inal\u00e1mbricas<br \/>\nUSB<br \/>\nWi Fi<br \/>\nBluetooth V 5.0<\/p>\n<p>GigaRed<br \/>\nSi<\/p>\n<p>Sistema Operativo<br \/>\nAndroid 11<\/p>\n","protected":false},"excerpt":{"rendered":"<p>El Xiaomi Redmi Note 10S es el compa\u00f1ero ideal en cada episodio de tu historia. Con sistema de cuatro c\u00e1maras de 64 megapixeles, con modo Pro lapso de tiempo que trabaja con cualquier tpo de iluminaci\u00f3n, de d\u00eda y de noche, y asombrosa pantalla AMOLED de 6.43 pulgadas, vives cada momento en colores m\u00e1s intensos. Ofrece bocina dual, en la parte inferior y superior, para transformar tu experiencia multimedia con sonido envolvente. Bater\u00eda de carga r\u00e1pida de 33W que ofrece horas de energ\u00eda con una sola carga.<\/p>\n","protected":false},"featured_media":493,"comment_status":"open","ping_status":"closed","template":"","meta":{"site-sidebar-layout":"default","site-content-layout":"","ast-site-content-layout":"default","site-content-style":"default","site-sidebar-style":"default","ast-global-header-display":"","ast-banner-title-visibility":"","ast-main-header-display":"","ast-hfb-above-header-display":"","ast-hfb-below-header-display":"","ast-hfb-mobile-header-display":"","site-post-title":"","ast-breadcrumbs-content":"","ast-featured-img":"","footer-sml-layout":"","ast-disable-related-posts":"","theme-transparent-header-meta":"","adv-header-id-meta":"","stick-header-meta":"","header-above-stick-meta":"","header-main-stick-meta":"","header-below-stick-meta":"","astra-migrate-meta-layouts":"default","ast-page-background-enabled":"default","ast-page-background-meta":{"desktop":{"background-color":"var(--ast-global-color-4)","background-image":"","background-repeat":"repeat","background-position":"center center","background-size":"auto","background-attachment":"scroll","background-type":"","background-media":"","overlay-type":"","overlay-color":"","overlay-opacity":"","overlay-gradient":""},"tablet":{"background-color":"","background-image":"","background-repeat":"repeat","background-position":"center center","background-size":"auto","background-attachment":"scroll","background-type":"","background-media":"","overlay-type":"","overlay-color":"","overlay-opacity":"","overlay-gradient":""},"mobile":{"background-color":"","background-image":"","background-repeat":"repeat","background-position":"center center","background-size":"auto","background-attachment":"scroll","background-type":"","background-media":"","overlay-type":"","overlay-color":"","overlay-opacity":"","overlay-gradient":""}},"ast-content-background-meta":{"desktop":{"background-color":"var(--ast-global-color-5)","background-image":"","background-repeat":"repeat","background-position":"center center","background-size":"auto","background-attachment":"scroll","background-type":"","background-media":"","overlay-type":"","overlay-color":"","overlay-opacity":"","overlay-gradient":""},"tablet":{"background-color":"var(--ast-global-color-5)","background-image":"","background-repeat":"repeat","background-position":"center center","background-size":"auto","background-attachment":"scroll","background-type":"","background-media":"","overlay-type":"","overlay-color":"","overlay-opacity":"","overlay-gradient":""},"mobile":{"background-color":"var(--ast-global-color-5)","background-image":"","background-repeat":"repeat","background-position":"center center","background-size":"auto","background-attachment":"scroll","background-type":"","background-media":"","overlay-type":"","overlay-color":"","overlay-opacity":"","overlay-gradient":""}}},"product_brand":[],"product_cat":[35],"product_tag":[],"class_list":{"0":"post-444","1":"product","2":"type-product","3":"status-publish","4":"has-post-thumbnail","6":"product_cat-xiaomi","7":"desktop-align-left","8":"tablet-align-left","9":"mobile-align-left","11":"first","12":"outofstock","13":"sale","14":"shipping-taxable","15":"purchasable","16":"product-type-simple"},"_links":{"self":[{"href":"https:\/\/mipcel.com\/index.php\/wp-json\/wp\/v2\/product\/444","targetHints":{"allow":["GET"]}}],"collection":[{"href":"https:\/\/mipcel.com\/index.php\/wp-json\/wp\/v2\/product"}],"about":[{"href":"https:\/\/mipcel.com\/index.php\/wp-json\/wp\/v2\/types\/product"}],"replies":[{"embeddable":true,"href":"https:\/\/mipcel.com\/index.php\/wp-json\/wp\/v2\/comments?post=444"}],"version-history":[{"count":1,"href":"https:\/\/mipcel.com\/index.php\/wp-json\/wp\/v2\/product\/444\/revisions"}],"predecessor-version":[{"id":494,"href":"https:\/\/mipcel.com\/index.php\/wp-json\/wp\/v2\/product\/444\/revisions\/494"}],"wp:featuredmedia":[{"embeddable":true,"href":"https:\/\/mipcel.com\/index.php\/wp-json\/wp\/v2\/media\/493"}],"wp:attachment":[{"href":"https:\/\/mipcel.com\/index.php\/wp-json\/wp\/v2\/media?parent=444"}],"wp:term":[{"taxonomy":"product_brand","embeddable":true,"href":"https:\/\/mipcel.com\/index.php\/wp-json\/wp\/v2\/product_brand?post=444"},{"taxonomy":"product_cat","embeddable":true,"href":"https:\/\/mipcel.com\/index.php\/wp-json\/wp\/v2\/product_cat?post=444"},{"taxonomy":"product_tag","embeddable":true,"href":"https:\/\/mipcel.com\/index.php\/wp-json\/wp\/v2\/product_tag?post=444"}],"curies":[{"name":"wp","href":"https:\/\/api.w.org\/{rel}","templated":true}]}}