{"id":452,"date":"2023-07-07T14:29:00","date_gmt":"2023-07-07T20:29:00","guid":{"rendered":"https:\/\/mipcel.com\/?post_type=product&#038;p=452"},"modified":"2023-07-07T14:29:43","modified_gmt":"2023-07-07T20:29:43","slug":"vivo-y22s","status":"publish","type":"product","link":"https:\/\/mipcel.com\/index.php\/producto\/vivo-y22s\/","title":{"rendered":"Vivo Y22s"},"content":{"rendered":"<p>Con vivo Y22s tienes la conectividad, herramientas y autonom\u00eda que has estado buscando. Una gran bater\u00eda de 5000 mAh, que se recupera en minutos tras largas horas de uso, gracias a su carga r\u00e1pida de 18 W; Android 12 y potente procesador Snapdragon\u00ae 680 para una experiencia fluida, y la memoria que necesitas para almacenar m\u00fasica, fotos y videos. La doble c\u00e1mara principal de 50 + 2 megapixeles hace posible emplear diferentes t\u00e9cnicas fotogr\u00e1ficas basadas en iluminaci\u00f3n, pues cuenta con entrada de luz de nivel profesional, para que consigas tomas detalladas con colores reales de d\u00eda y de noche. Sum\u00e9rgete en tus redes sociales, pel\u00edculas y juegos con la resoluci\u00f3n de su pantalla de 6.55 pulgadas HD+ AMOLED.<\/p>\n","protected":false},"excerpt":{"rendered":"<p>Con vivo Y22s tienes la conectividad, herramientas y autonom\u00eda que has estado buscando. Una gran bater\u00eda de 5000 mAh, que se recupera en minutos tras largas horas de uso, gracias a su carga r\u00e1pida de 18 W; Android 12 y potente procesador Snapdragon\u00ae 680 para una experiencia fluida.<\/p>\n","protected":false},"featured_media":508,"comment_status":"open","ping_status":"closed","template":"","meta":{"site-sidebar-layout":"default","site-content-layout":"","ast-site-content-layout":"default","site-content-style":"default","site-sidebar-style":"default","ast-global-header-display":"","ast-banner-title-visibility":"","ast-main-header-display":"","ast-hfb-above-header-display":"","ast-hfb-below-header-display":"","ast-hfb-mobile-header-display":"","site-post-title":"","ast-breadcrumbs-content":"","ast-featured-img":"","footer-sml-layout":"","ast-disable-related-posts":"","theme-transparent-header-meta":"","adv-header-id-meta":"","stick-header-meta":"","header-above-stick-meta":"","header-main-stick-meta":"","header-below-stick-meta":"","astra-migrate-meta-layouts":"default","ast-page-background-enabled":"default","ast-page-background-meta":{"desktop":{"background-color":"var(--ast-global-color-4)","background-image":"","background-repeat":"repeat","background-position":"center center","background-size":"auto","background-attachment":"scroll","background-type":"","background-media":"","overlay-type":"","overlay-color":"","overlay-opacity":"","overlay-gradient":""},"tablet":{"background-color":"","background-image":"","background-repeat":"repeat","background-position":"center center","background-size":"auto","background-attachment":"scroll","background-type":"","background-media":"","overlay-type":"","overlay-color":"","overlay-opacity":"","overlay-gradient":""},"mobile":{"background-color":"","background-image":"","background-repeat":"repeat","background-position":"center center","background-size":"auto","background-attachment":"scroll","background-type":"","background-media":"","overlay-type":"","overlay-color":"","overlay-opacity":"","overlay-gradient":""}},"ast-content-background-meta":{"desktop":{"background-color":"var(--ast-global-color-5)","background-image":"","background-repeat":"repeat","background-position":"center center","background-size":"auto","background-attachment":"scroll","background-type":"","background-media":"","overlay-type":"","overlay-color":"","overlay-opacity":"","overlay-gradient":""},"tablet":{"background-color":"var(--ast-global-color-5)","background-image":"","background-repeat":"repeat","background-position":"center center","background-size":"auto","background-attachment":"scroll","background-type":"","background-media":"","overlay-type":"","overlay-color":"","overlay-opacity":"","overlay-gradient":""},"mobile":{"background-color":"var(--ast-global-color-5)","background-image":"","background-repeat":"repeat","background-position":"center center","background-size":"auto","background-attachment":"scroll","background-type":"","background-media":"","overlay-type":"","overlay-color":"","overlay-opacity":"","overlay-gradient":""}}},"product_brand":[],"product_cat":[34],"product_tag":[],"class_list":{"0":"post-452","1":"product","2":"type-product","3":"status-publish","4":"has-post-thumbnail","6":"product_cat-vivo","7":"desktop-align-left","8":"tablet-align-left","9":"mobile-align-left","11":"first","12":"instock","13":"shipping-taxable","14":"purchasable","15":"product-type-simple"},"_links":{"self":[{"href":"https:\/\/mipcel.com\/index.php\/wp-json\/wp\/v2\/product\/452","targetHints":{"allow":["GET"]}}],"collection":[{"href":"https:\/\/mipcel.com\/index.php\/wp-json\/wp\/v2\/product"}],"about":[{"href":"https:\/\/mipcel.com\/index.php\/wp-json\/wp\/v2\/types\/product"}],"replies":[{"embeddable":true,"href":"https:\/\/mipcel.com\/index.php\/wp-json\/wp\/v2\/comments?post=452"}],"version-history":[{"count":1,"href":"https:\/\/mipcel.com\/index.php\/wp-json\/wp\/v2\/product\/452\/revisions"}],"predecessor-version":[{"id":509,"href":"https:\/\/mipcel.com\/index.php\/wp-json\/wp\/v2\/product\/452\/revisions\/509"}],"wp:featuredmedia":[{"embeddable":true,"href":"https:\/\/mipcel.com\/index.php\/wp-json\/wp\/v2\/media\/508"}],"wp:attachment":[{"href":"https:\/\/mipcel.com\/index.php\/wp-json\/wp\/v2\/media?parent=452"}],"wp:term":[{"taxonomy":"product_brand","embeddable":true,"href":"https:\/\/mipcel.com\/index.php\/wp-json\/wp\/v2\/product_brand?post=452"},{"taxonomy":"product_cat","embeddable":true,"href":"https:\/\/mipcel.com\/index.php\/wp-json\/wp\/v2\/product_cat?post=452"},{"taxonomy":"product_tag","embeddable":true,"href":"https:\/\/mipcel.com\/index.php\/wp-json\/wp\/v2\/product_tag?post=452"}],"curies":[{"name":"wp","href":"https:\/\/api.w.org\/{rel}","templated":true}]}}