{"id":454,"date":"2023-07-07T14:29:00","date_gmt":"2023-07-07T20:29:00","guid":{"rendered":"https:\/\/mipcel.com\/?post_type=product&#038;p=454"},"modified":"2023-07-07T14:29:48","modified_gmt":"2023-07-07T20:29:48","slug":"motorola-edge-30","status":"publish","type":"product","link":"https:\/\/mipcel.com\/index.php\/producto\/motorola-edge-30\/","title":{"rendered":"Motorola Edge 30"},"content":{"rendered":"<p>T\u00fa enf\u00f3cate en tu historia que Motorola edge 30 se ocupa del resto. Descubre nuevas formas de expresar lo que piensas y sientes con los modos de captura de imagen y video de su avanzada c\u00e1mara de 50 megapixeles, con estabilizador de imagen y enfoque autom\u00e1tico, con la que obtienes contenido \u00e9pico, fotos m\u00e1s brillantes y n\u00edtidas para tus redes sociales. Cuenta tambi\u00e9n con c\u00e1mara frontal de 32 megapixeles para tomar selfies asombrosas, incluso cuando la iluminaci\u00f3n del entorno sea pobre. Convi\u00e9rtete en protagonista de tus series, pel\u00edculas y juegos con audio multidimensional Dolby Atmos\u00ae y su pantalla OLED ultran\u00edtida de 6.56 pulgadas y 144 Hz. Un potente smartphone 5G, con bater\u00eda de 4020 mAh dise\u00f1ado para personas como t\u00fa.<\/p>\n","protected":false},"excerpt":{"rendered":"<p>T\u00fa enf\u00f3cate en tu historia que Motorola edge 30 se ocupa del resto. Descubre nuevas formas de expresar lo que piensas y sientes con los modos de captura de imagen y video de su avanzada c\u00e1mara de 50 megapixeles, con estabilizador de imagen y enfoque autom\u00e1tico, con la que obtienes contenido \u00e9pico, fotos m\u00e1s brillantes y n\u00edtidas para tus redes sociales.<\/p>\n","protected":false},"featured_media":512,"comment_status":"open","ping_status":"closed","template":"","meta":{"site-sidebar-layout":"default","site-content-layout":"","ast-site-content-layout":"default","site-content-style":"default","site-sidebar-style":"default","ast-global-header-display":"","ast-banner-title-visibility":"","ast-main-header-display":"","ast-hfb-above-header-display":"","ast-hfb-below-header-display":"","ast-hfb-mobile-header-display":"","site-post-title":"","ast-breadcrumbs-content":"","ast-featured-img":"","footer-sml-layout":"","ast-disable-related-posts":"","theme-transparent-header-meta":"","adv-header-id-meta":"","stick-header-meta":"","header-above-stick-meta":"","header-main-stick-meta":"","header-below-stick-meta":"","astra-migrate-meta-layouts":"default","ast-page-background-enabled":"default","ast-page-background-meta":{"desktop":{"background-color":"var(--ast-global-color-4)","background-image":"","background-repeat":"repeat","background-position":"center center","background-size":"auto","background-attachment":"scroll","background-type":"","background-media":"","overlay-type":"","overlay-color":"","overlay-opacity":"","overlay-gradient":""},"tablet":{"background-color":"","background-image":"","background-repeat":"repeat","background-position":"center center","background-size":"auto","background-attachment":"scroll","background-type":"","background-media":"","overlay-type":"","overlay-color":"","overlay-opacity":"","overlay-gradient":""},"mobile":{"background-color":"","background-image":"","background-repeat":"repeat","background-position":"center center","background-size":"auto","background-attachment":"scroll","background-type":"","background-media":"","overlay-type":"","overlay-color":"","overlay-opacity":"","overlay-gradient":""}},"ast-content-background-meta":{"desktop":{"background-color":"var(--ast-global-color-5)","background-image":"","background-repeat":"repeat","background-position":"center center","background-size":"auto","background-attachment":"scroll","background-type":"","background-media":"","overlay-type":"","overlay-color":"","overlay-opacity":"","overlay-gradient":""},"tablet":{"background-color":"var(--ast-global-color-5)","background-image":"","background-repeat":"repeat","background-position":"center center","background-size":"auto","background-attachment":"scroll","background-type":"","background-media":"","overlay-type":"","overlay-color":"","overlay-opacity":"","overlay-gradient":""},"mobile":{"background-color":"var(--ast-global-color-5)","background-image":"","background-repeat":"repeat","background-position":"center center","background-size":"auto","background-attachment":"scroll","background-type":"","background-media":"","overlay-type":"","overlay-color":"","overlay-opacity":"","overlay-gradient":""}}},"product_brand":[],"product_cat":[33],"product_tag":[],"class_list":{"0":"post-454","1":"product","2":"type-product","3":"status-publish","4":"has-post-thumbnail","6":"product_cat-motorola","7":"desktop-align-left","8":"tablet-align-left","9":"mobile-align-left","11":"first","12":"outofstock","13":"shipping-taxable","14":"purchasable","15":"product-type-simple"},"_links":{"self":[{"href":"https:\/\/mipcel.com\/index.php\/wp-json\/wp\/v2\/product\/454","targetHints":{"allow":["GET"]}}],"collection":[{"href":"https:\/\/mipcel.com\/index.php\/wp-json\/wp\/v2\/product"}],"about":[{"href":"https:\/\/mipcel.com\/index.php\/wp-json\/wp\/v2\/types\/product"}],"replies":[{"embeddable":true,"href":"https:\/\/mipcel.com\/index.php\/wp-json\/wp\/v2\/comments?post=454"}],"version-history":[{"count":1,"href":"https:\/\/mipcel.com\/index.php\/wp-json\/wp\/v2\/product\/454\/revisions"}],"predecessor-version":[{"id":513,"href":"https:\/\/mipcel.com\/index.php\/wp-json\/wp\/v2\/product\/454\/revisions\/513"}],"wp:featuredmedia":[{"embeddable":true,"href":"https:\/\/mipcel.com\/index.php\/wp-json\/wp\/v2\/media\/512"}],"wp:attachment":[{"href":"https:\/\/mipcel.com\/index.php\/wp-json\/wp\/v2\/media?parent=454"}],"wp:term":[{"taxonomy":"product_brand","embeddable":true,"href":"https:\/\/mipcel.com\/index.php\/wp-json\/wp\/v2\/product_brand?post=454"},{"taxonomy":"product_cat","embeddable":true,"href":"https:\/\/mipcel.com\/index.php\/wp-json\/wp\/v2\/product_cat?post=454"},{"taxonomy":"product_tag","embeddable":true,"href":"https:\/\/mipcel.com\/index.php\/wp-json\/wp\/v2\/product_tag?post=454"}],"curies":[{"name":"wp","href":"https:\/\/api.w.org\/{rel}","templated":true}]}}