{"id":456,"date":"2023-07-07T14:29:00","date_gmt":"2023-07-07T20:29:00","guid":{"rendered":"https:\/\/mipcel.com\/?post_type=product&#038;p=456"},"modified":"2024-11-08T13:29:11","modified_gmt":"2024-11-08T19:29:11","slug":"zte-blade-v40","status":"publish","type":"product","link":"https:\/\/mipcel.com\/index.php\/producto\/zte-blade-v40\/","title":{"rendered":"ZTE Blade V40"},"content":{"rendered":"<p>Ac\u00e9rcate a ZTE Blade V40 y \u00e9l te acercar\u00e1 a lo que m\u00e1s te gusta. D\u00e9jate cautivar por su sistema de c\u00e1mara triple de 48 megapixeles, con macro de 2 megapixeles y sensor de profundidad de 2 megapixeles. Triunfa en tus redes sociales mostrando lo mejor de ti con incre\u00edbles selfies de su c\u00e1mara frontal de 8 megapixeles. Sum\u00e9rgete en su pantalla FHD+ de 6.67 pulgadas y experimenta de la forma m\u00e1s fluida tus juegos favoritos, gracias a que trabaja con sistema operativo Android 11, 4 GB + 2 GB din\u00e1mica en RAM y procesador Unisoc UMS512T Octa-Core [A75(2.0GHz*2) + A55(2.0GHz*6)]. Ofrece bater\u00eda de 5000 mAh y 128 GB de memoria interna, expandible hasta 1 TB.<\/p>\n","protected":false},"excerpt":{"rendered":"<p>Ac\u00e9rcate a ZTE Blade V40 y \u00e9l te acercar\u00e1 a lo que m\u00e1s te gusta. D\u00e9jate cautivar por su sistema de c\u00e1mara triple de 48 megapixeles, con macro de 2 megapixeles y sensor de profundidad de 2 megapixeles.<\/p>\n","protected":false},"featured_media":529,"comment_status":"open","ping_status":"closed","template":"","meta":{"site-sidebar-layout":"default","site-content-layout":"","ast-site-content-layout":"default","site-content-style":"default","site-sidebar-style":"default","ast-global-header-display":"","ast-banner-title-visibility":"","ast-main-header-display":"","ast-hfb-above-header-display":"","ast-hfb-below-header-display":"","ast-hfb-mobile-header-display":"","site-post-title":"","ast-breadcrumbs-content":"","ast-featured-img":"","footer-sml-layout":"","ast-disable-related-posts":"","theme-transparent-header-meta":"","adv-header-id-meta":"","stick-header-meta":"","header-above-stick-meta":"","header-main-stick-meta":"","header-below-stick-meta":"","astra-migrate-meta-layouts":"default","ast-page-background-enabled":"default","ast-page-background-meta":{"desktop":{"background-color":"var(--ast-global-color-4)","background-image":"","background-repeat":"repeat","background-position":"center center","background-size":"auto","background-attachment":"scroll","background-type":"","background-media":"","overlay-type":"","overlay-color":"","overlay-opacity":"","overlay-gradient":""},"tablet":{"background-color":"","background-image":"","background-repeat":"repeat","background-position":"center center","background-size":"auto","background-attachment":"scroll","background-type":"","background-media":"","overlay-type":"","overlay-color":"","overlay-opacity":"","overlay-gradient":""},"mobile":{"background-color":"","background-image":"","background-repeat":"repeat","background-position":"center center","background-size":"auto","background-attachment":"scroll","background-type":"","background-media":"","overlay-type":"","overlay-color":"","overlay-opacity":"","overlay-gradient":""}},"ast-content-background-meta":{"desktop":{"background-color":"var(--ast-global-color-5)","background-image":"","background-repeat":"repeat","background-position":"center center","background-size":"auto","background-attachment":"scroll","background-type":"","background-media":"","overlay-type":"","overlay-color":"","overlay-opacity":"","overlay-gradient":""},"tablet":{"background-color":"var(--ast-global-color-5)","background-image":"","background-repeat":"repeat","background-position":"center center","background-size":"auto","background-attachment":"scroll","background-type":"","background-media":"","overlay-type":"","overlay-color":"","overlay-opacity":"","overlay-gradient":""},"mobile":{"background-color":"var(--ast-global-color-5)","background-image":"","background-repeat":"repeat","background-position":"center center","background-size":"auto","background-attachment":"scroll","background-type":"","background-media":"","overlay-type":"","overlay-color":"","overlay-opacity":"","overlay-gradient":""}}},"product_brand":[],"product_cat":[41],"product_tag":[],"class_list":{"0":"post-456","1":"product","2":"type-product","3":"status-publish","4":"has-post-thumbnail","6":"product_cat-zte","7":"desktop-align-left","8":"tablet-align-left","9":"mobile-align-left","11":"first","12":"outofstock","13":"sale","14":"shipping-taxable","15":"purchasable","16":"product-type-simple"},"_links":{"self":[{"href":"https:\/\/mipcel.com\/index.php\/wp-json\/wp\/v2\/product\/456","targetHints":{"allow":["GET"]}}],"collection":[{"href":"https:\/\/mipcel.com\/index.php\/wp-json\/wp\/v2\/product"}],"about":[{"href":"https:\/\/mipcel.com\/index.php\/wp-json\/wp\/v2\/types\/product"}],"replies":[{"embeddable":true,"href":"https:\/\/mipcel.com\/index.php\/wp-json\/wp\/v2\/comments?post=456"}],"version-history":[{"count":1,"href":"https:\/\/mipcel.com\/index.php\/wp-json\/wp\/v2\/product\/456\/revisions"}],"predecessor-version":[{"id":530,"href":"https:\/\/mipcel.com\/index.php\/wp-json\/wp\/v2\/product\/456\/revisions\/530"}],"wp:featuredmedia":[{"embeddable":true,"href":"https:\/\/mipcel.com\/index.php\/wp-json\/wp\/v2\/media\/529"}],"wp:attachment":[{"href":"https:\/\/mipcel.com\/index.php\/wp-json\/wp\/v2\/media?parent=456"}],"wp:term":[{"taxonomy":"product_brand","embeddable":true,"href":"https:\/\/mipcel.com\/index.php\/wp-json\/wp\/v2\/product_brand?post=456"},{"taxonomy":"product_cat","embeddable":true,"href":"https:\/\/mipcel.com\/index.php\/wp-json\/wp\/v2\/product_cat?post=456"},{"taxonomy":"product_tag","embeddable":true,"href":"https:\/\/mipcel.com\/index.php\/wp-json\/wp\/v2\/product_tag?post=456"}],"curies":[{"name":"wp","href":"https:\/\/api.w.org\/{rel}","templated":true}]}}