{"id":463,"date":"2023-07-07T14:29:01","date_gmt":"2023-07-07T20:29:01","guid":{"rendered":"https:\/\/mipcel.com\/?post_type=product&#038;p=463"},"modified":"2024-11-08T13:28:00","modified_gmt":"2024-11-08T19:28:00","slug":"oppo-a57","status":"publish","type":"product","link":"https:\/\/mipcel.com\/index.php\/producto\/oppo-a57\/","title":{"rendered":"Oppo A57"},"content":{"rendered":"<p>Con OPPO A57 tu m\u00fasica cobra vida en su bocina dual est\u00e9reo con tecnolog\u00eda de Dirac 3.0 que mejora la calidad ac\u00fastica para convertirte en el alma de la fiesta. Aprovecha tu tiempo al m\u00e1ximo gracias a la carga r\u00e1pida de 33W SuperVOOC de su bater\u00eda de 5000 mAh de larga duraci\u00f3n, que te sigue hasta en el d\u00eda m\u00e1s ajetreado. Prueba la intensidad del color de su pantalla inmersiva HD+ de 6.56 pulgadas. Consigue fotos incre\u00edbles con su doble c\u00e1mara trasera de 13 + 2 megapixeles y su c\u00e1mara frontal de 8 megapixeles. Dispone de 128 GB de memoria de almacenamiento para que conserves todos tus recuerdos, ampliaci\u00f3n de RAM y procesador Octa-Core para darte una experiencia multitarea \u00e1gil al usar tus apps. Un dispositivo resistente y de novedoso dise\u00f1o que integra lector de huellas lateral.<\/p>\n","protected":false},"excerpt":{"rendered":"<p>Con OPPO A57 tu m\u00fasica cobra vida en su bocina dual est\u00e9reo con tecnolog\u00eda de Dirac 3.0 que mejora la calidad ac\u00fastica para convertirte en el alma de la fiesta. Aprovecha tu tiempo al m\u00e1ximo gracias a la carga r\u00e1pida de 33W SuperVOOC de su bater\u00eda de 5000 mAh de larga duraci\u00f3n.<\/p>\n","protected":false},"featured_media":552,"comment_status":"open","ping_status":"closed","template":"","meta":{"site-sidebar-layout":"default","site-content-layout":"","ast-site-content-layout":"default","site-content-style":"default","site-sidebar-style":"default","ast-global-header-display":"","ast-banner-title-visibility":"","ast-main-header-display":"","ast-hfb-above-header-display":"","ast-hfb-below-header-display":"","ast-hfb-mobile-header-display":"","site-post-title":"","ast-breadcrumbs-content":"","ast-featured-img":"","footer-sml-layout":"","ast-disable-related-posts":"","theme-transparent-header-meta":"","adv-header-id-meta":"","stick-header-meta":"","header-above-stick-meta":"","header-main-stick-meta":"","header-below-stick-meta":"","astra-migrate-meta-layouts":"default","ast-page-background-enabled":"default","ast-page-background-meta":{"desktop":{"background-color":"var(--ast-global-color-4)","background-image":"","background-repeat":"repeat","background-position":"center center","background-size":"auto","background-attachment":"scroll","background-type":"","background-media":"","overlay-type":"","overlay-color":"","overlay-opacity":"","overlay-gradient":""},"tablet":{"background-color":"","background-image":"","background-repeat":"repeat","background-position":"center center","background-size":"auto","background-attachment":"scroll","background-type":"","background-media":"","overlay-type":"","overlay-color":"","overlay-opacity":"","overlay-gradient":""},"mobile":{"background-color":"","background-image":"","background-repeat":"repeat","background-position":"center center","background-size":"auto","background-attachment":"scroll","background-type":"","background-media":"","overlay-type":"","overlay-color":"","overlay-opacity":"","overlay-gradient":""}},"ast-content-background-meta":{"desktop":{"background-color":"var(--ast-global-color-5)","background-image":"","background-repeat":"repeat","background-position":"center center","background-size":"auto","background-attachment":"scroll","background-type":"","background-media":"","overlay-type":"","overlay-color":"","overlay-opacity":"","overlay-gradient":""},"tablet":{"background-color":"var(--ast-global-color-5)","background-image":"","background-repeat":"repeat","background-position":"center center","background-size":"auto","background-attachment":"scroll","background-type":"","background-media":"","overlay-type":"","overlay-color":"","overlay-opacity":"","overlay-gradient":""},"mobile":{"background-color":"var(--ast-global-color-5)","background-image":"","background-repeat":"repeat","background-position":"center center","background-size":"auto","background-attachment":"scroll","background-type":"","background-media":"","overlay-type":"","overlay-color":"","overlay-opacity":"","overlay-gradient":""}}},"product_brand":[],"product_cat":[38],"product_tag":[],"class_list":{"0":"post-463","1":"product","2":"type-product","3":"status-publish","4":"has-post-thumbnail","6":"product_cat-oppo","7":"desktop-align-left","8":"tablet-align-left","9":"mobile-align-left","11":"first","12":"outofstock","13":"sale","14":"shipping-taxable","15":"purchasable","16":"product-type-simple"},"_links":{"self":[{"href":"https:\/\/mipcel.com\/index.php\/wp-json\/wp\/v2\/product\/463","targetHints":{"allow":["GET"]}}],"collection":[{"href":"https:\/\/mipcel.com\/index.php\/wp-json\/wp\/v2\/product"}],"about":[{"href":"https:\/\/mipcel.com\/index.php\/wp-json\/wp\/v2\/types\/product"}],"replies":[{"embeddable":true,"href":"https:\/\/mipcel.com\/index.php\/wp-json\/wp\/v2\/comments?post=463"}],"version-history":[{"count":1,"href":"https:\/\/mipcel.com\/index.php\/wp-json\/wp\/v2\/product\/463\/revisions"}],"predecessor-version":[{"id":553,"href":"https:\/\/mipcel.com\/index.php\/wp-json\/wp\/v2\/product\/463\/revisions\/553"}],"wp:featuredmedia":[{"embeddable":true,"href":"https:\/\/mipcel.com\/index.php\/wp-json\/wp\/v2\/media\/552"}],"wp:attachment":[{"href":"https:\/\/mipcel.com\/index.php\/wp-json\/wp\/v2\/media?parent=463"}],"wp:term":[{"taxonomy":"product_brand","embeddable":true,"href":"https:\/\/mipcel.com\/index.php\/wp-json\/wp\/v2\/product_brand?post=463"},{"taxonomy":"product_cat","embeddable":true,"href":"https:\/\/mipcel.com\/index.php\/wp-json\/wp\/v2\/product_cat?post=463"},{"taxonomy":"product_tag","embeddable":true,"href":"https:\/\/mipcel.com\/index.php\/wp-json\/wp\/v2\/product_tag?post=463"}],"curies":[{"name":"wp","href":"https:\/\/api.w.org\/{rel}","templated":true}]}}