{"id":485,"date":"2023-07-07T14:29:26","date_gmt":"2023-07-07T20:29:26","guid":{"rendered":"https:\/\/mipcel.com\/?post_type=product&#038;p=485"},"modified":"2024-11-08T13:14:58","modified_gmt":"2024-11-08T19:14:58","slug":"xiaomi-redmi-10c","status":"publish","type":"product","link":"https:\/\/mipcel.com\/index.php\/producto\/xiaomi-redmi-10c\/","title":{"rendered":"Xiaomi Redmi 10C"},"content":{"rendered":"<p>Xiaomi se renueva con el Redmi 10C, un potente smartphone con c\u00e1mara mejorada. Dispone de un procesador Snapdragon\u00ae 680 con memoria UFS ultrarr\u00e1pida, con gran poder multitarea. Integra c\u00e1mara principal de 50 megapixeles para que logres capturas en alta resoluci\u00f3n y selfies incre\u00edbles con su c\u00e1mara frontal de 5 megapixeles. Cuenta con la novedosa funci\u00f3n &#8216;Captura de foto y pausa&#8217; que te permite tomar fotos mientras grabas videos; as\u00ed podr\u00e1s crear contenido muy original para tus redes sociales. Transforma tu experiencia sensorial al disfrutar pel\u00edculas y series en su pantalla de 6.71 pulgadas HD+ DotDrop Display con el sonido intenso de su poderosa bocina. Todo esto se complementa con su gran bater\u00eda de 5000 mAh con carga r\u00e1pida de 18W, con la que pondr\u00e1s fin a la ansiedad de quedarte sin energ\u00eda.<\/p>\n","protected":false},"excerpt":{"rendered":"<p>Xiaomi se renueva con el Redmi 10C, un potente smartphone con c\u00e1mara mejorada. Dispone de un procesador Snapdragon\u00ae 680 con memoria UFS ultrarr\u00e1pida, con gran poder multitarea. Integra c\u00e1mara principal de 50 megapixeles para que logres capturas en alta resoluci\u00f3n y selfies incre\u00edbles con su c\u00e1mara frontal de 5 megapixeles.<\/p>\n","protected":false},"featured_media":558,"comment_status":"open","ping_status":"closed","template":"","meta":{"site-sidebar-layout":"default","site-content-layout":"","ast-site-content-layout":"default","site-content-style":"default","site-sidebar-style":"default","ast-global-header-display":"","ast-banner-title-visibility":"","ast-main-header-display":"","ast-hfb-above-header-display":"","ast-hfb-below-header-display":"","ast-hfb-mobile-header-display":"","site-post-title":"","ast-breadcrumbs-content":"","ast-featured-img":"","footer-sml-layout":"","ast-disable-related-posts":"","theme-transparent-header-meta":"","adv-header-id-meta":"","stick-header-meta":"","header-above-stick-meta":"","header-main-stick-meta":"","header-below-stick-meta":"","astra-migrate-meta-layouts":"default","ast-page-background-enabled":"default","ast-page-background-meta":{"desktop":{"background-color":"var(--ast-global-color-4)","background-image":"","background-repeat":"repeat","background-position":"center center","background-size":"auto","background-attachment":"scroll","background-type":"","background-media":"","overlay-type":"","overlay-color":"","overlay-opacity":"","overlay-gradient":""},"tablet":{"background-color":"","background-image":"","background-repeat":"repeat","background-position":"center center","background-size":"auto","background-attachment":"scroll","background-type":"","background-media":"","overlay-type":"","overlay-color":"","overlay-opacity":"","overlay-gradient":""},"mobile":{"background-color":"","background-image":"","background-repeat":"repeat","background-position":"center center","background-size":"auto","background-attachment":"scroll","background-type":"","background-media":"","overlay-type":"","overlay-color":"","overlay-opacity":"","overlay-gradient":""}},"ast-content-background-meta":{"desktop":{"background-color":"var(--ast-global-color-5)","background-image":"","background-repeat":"repeat","background-position":"center center","background-size":"auto","background-attachment":"scroll","background-type":"","background-media":"","overlay-type":"","overlay-color":"","overlay-opacity":"","overlay-gradient":""},"tablet":{"background-color":"var(--ast-global-color-5)","background-image":"","background-repeat":"repeat","background-position":"center center","background-size":"auto","background-attachment":"scroll","background-type":"","background-media":"","overlay-type":"","overlay-color":"","overlay-opacity":"","overlay-gradient":""},"mobile":{"background-color":"var(--ast-global-color-5)","background-image":"","background-repeat":"repeat","background-position":"center center","background-size":"auto","background-attachment":"scroll","background-type":"","background-media":"","overlay-type":"","overlay-color":"","overlay-opacity":"","overlay-gradient":""}}},"product_brand":[],"product_cat":[35],"product_tag":[],"class_list":{"0":"post-485","1":"product","2":"type-product","3":"status-publish","4":"has-post-thumbnail","6":"product_cat-xiaomi","7":"desktop-align-left","8":"tablet-align-left","9":"mobile-align-left","11":"first","12":"outofstock","13":"sale","14":"shipping-taxable","15":"purchasable","16":"product-type-simple"},"_links":{"self":[{"href":"https:\/\/mipcel.com\/index.php\/wp-json\/wp\/v2\/product\/485","targetHints":{"allow":["GET"]}}],"collection":[{"href":"https:\/\/mipcel.com\/index.php\/wp-json\/wp\/v2\/product"}],"about":[{"href":"https:\/\/mipcel.com\/index.php\/wp-json\/wp\/v2\/types\/product"}],"replies":[{"embeddable":true,"href":"https:\/\/mipcel.com\/index.php\/wp-json\/wp\/v2\/comments?post=485"}],"version-history":[{"count":1,"href":"https:\/\/mipcel.com\/index.php\/wp-json\/wp\/v2\/product\/485\/revisions"}],"predecessor-version":[{"id":559,"href":"https:\/\/mipcel.com\/index.php\/wp-json\/wp\/v2\/product\/485\/revisions\/559"}],"wp:featuredmedia":[{"embeddable":true,"href":"https:\/\/mipcel.com\/index.php\/wp-json\/wp\/v2\/media\/558"}],"wp:attachment":[{"href":"https:\/\/mipcel.com\/index.php\/wp-json\/wp\/v2\/media?parent=485"}],"wp:term":[{"taxonomy":"product_brand","embeddable":true,"href":"https:\/\/mipcel.com\/index.php\/wp-json\/wp\/v2\/product_brand?post=485"},{"taxonomy":"product_cat","embeddable":true,"href":"https:\/\/mipcel.com\/index.php\/wp-json\/wp\/v2\/product_cat?post=485"},{"taxonomy":"product_tag","embeddable":true,"href":"https:\/\/mipcel.com\/index.php\/wp-json\/wp\/v2\/product_tag?post=485"}],"curies":[{"name":"wp","href":"https:\/\/api.w.org\/{rel}","templated":true}]}}