{"id":488,"date":"2023-07-07T14:29:27","date_gmt":"2023-07-07T20:29:27","guid":{"rendered":"https:\/\/mipcel.com\/?post_type=product&#038;p=488"},"modified":"2023-07-07T14:30:44","modified_gmt":"2023-07-07T20:30:44","slug":"nokia-110","status":"publish","type":"product","link":"https:\/\/mipcel.com\/index.php\/producto\/nokia-110\/","title":{"rendered":"Nokia 110"},"content":{"rendered":"<p>\u00bfQuieres llevar tu m\u00fasica contigo a todas partes? Nokia 110 es para ti, pues integra reproductor MP3 y permite sintonizar estaciones de radio FM. Redescubre emocionantes juegos cl\u00e1sicos, como \u00abla viborita\u00bb y otros igual de fascinantes que te mantendr\u00e1n supe entretenido. Su bater\u00eda de larga duraci\u00f3n pondr\u00e1 fin a las conversaciones inconclusas, pues con una sola carga podr\u00e1s hablar durante horas. Fotograf\u00eda todo lo que te guste y graba videos de esos momentos especiales con su c\u00e1mara trasera. Cuenta con ranura para MicroSD de 32 GB para conservar tus archivos y recuerdos.<\/p>\n","protected":false},"excerpt":{"rendered":"<p>\u00bfQuieres llevar tu m\u00fasica contigo a todas partes? Nokia 110 es para ti, pues integra reproductor MP3 y permite sintonizar estaciones de radio FM. Redescubre emocionantes juegos cl\u00e1sicos, como \u00abla viborita\u00bb y otros igual de fascinantes que te mantendr\u00e1n supe entretenido. Su bater\u00eda de larga duraci\u00f3n pondr\u00e1 fin a las conversaciones inconclusas, pues con una sola carga podr\u00e1s hablar durante horas. Fotograf\u00eda todo lo que te guste y graba videos de esos momentos especiales con su c\u00e1mara trasera. Cuenta con ranura para MicroSD de 32 GB para conservar tus archivos y recuerdos.<\/p>\n","protected":false},"featured_media":571,"comment_status":"open","ping_status":"closed","template":"","meta":{"site-sidebar-layout":"default","site-content-layout":"","ast-site-content-layout":"default","site-content-style":"default","site-sidebar-style":"default","ast-global-header-display":"","ast-banner-title-visibility":"","ast-main-header-display":"","ast-hfb-above-header-display":"","ast-hfb-below-header-display":"","ast-hfb-mobile-header-display":"","site-post-title":"","ast-breadcrumbs-content":"","ast-featured-img":"","footer-sml-layout":"","ast-disable-related-posts":"","theme-transparent-header-meta":"","adv-header-id-meta":"","stick-header-meta":"","header-above-stick-meta":"","header-main-stick-meta":"","header-below-stick-meta":"","astra-migrate-meta-layouts":"default","ast-page-background-enabled":"default","ast-page-background-meta":{"desktop":{"background-color":"var(--ast-global-color-4)","background-image":"","background-repeat":"repeat","background-position":"center center","background-size":"auto","background-attachment":"scroll","background-type":"","background-media":"","overlay-type":"","overlay-color":"","overlay-opacity":"","overlay-gradient":""},"tablet":{"background-color":"","background-image":"","background-repeat":"repeat","background-position":"center center","background-size":"auto","background-attachment":"scroll","background-type":"","background-media":"","overlay-type":"","overlay-color":"","overlay-opacity":"","overlay-gradient":""},"mobile":{"background-color":"","background-image":"","background-repeat":"repeat","background-position":"center center","background-size":"auto","background-attachment":"scroll","background-type":"","background-media":"","overlay-type":"","overlay-color":"","overlay-opacity":"","overlay-gradient":""}},"ast-content-background-meta":{"desktop":{"background-color":"var(--ast-global-color-5)","background-image":"","background-repeat":"repeat","background-position":"center center","background-size":"auto","background-attachment":"scroll","background-type":"","background-media":"","overlay-type":"","overlay-color":"","overlay-opacity":"","overlay-gradient":""},"tablet":{"background-color":"var(--ast-global-color-5)","background-image":"","background-repeat":"repeat","background-position":"center center","background-size":"auto","background-attachment":"scroll","background-type":"","background-media":"","overlay-type":"","overlay-color":"","overlay-opacity":"","overlay-gradient":""},"mobile":{"background-color":"var(--ast-global-color-5)","background-image":"","background-repeat":"repeat","background-position":"center center","background-size":"auto","background-attachment":"scroll","background-type":"","background-media":"","overlay-type":"","overlay-color":"","overlay-opacity":"","overlay-gradient":""}}},"product_brand":[],"product_cat":[43],"product_tag":[],"class_list":{"0":"post-488","1":"product","2":"type-product","3":"status-publish","4":"has-post-thumbnail","6":"product_cat-nokia","7":"desktop-align-left","8":"tablet-align-left","9":"mobile-align-left","11":"first","12":"outofstock","13":"shipping-taxable","14":"purchasable","15":"product-type-simple"},"_links":{"self":[{"href":"https:\/\/mipcel.com\/index.php\/wp-json\/wp\/v2\/product\/488","targetHints":{"allow":["GET"]}}],"collection":[{"href":"https:\/\/mipcel.com\/index.php\/wp-json\/wp\/v2\/product"}],"about":[{"href":"https:\/\/mipcel.com\/index.php\/wp-json\/wp\/v2\/types\/product"}],"replies":[{"embeddable":true,"href":"https:\/\/mipcel.com\/index.php\/wp-json\/wp\/v2\/comments?post=488"}],"version-history":[{"count":1,"href":"https:\/\/mipcel.com\/index.php\/wp-json\/wp\/v2\/product\/488\/revisions"}],"predecessor-version":[{"id":572,"href":"https:\/\/mipcel.com\/index.php\/wp-json\/wp\/v2\/product\/488\/revisions\/572"}],"wp:featuredmedia":[{"embeddable":true,"href":"https:\/\/mipcel.com\/index.php\/wp-json\/wp\/v2\/media\/571"}],"wp:attachment":[{"href":"https:\/\/mipcel.com\/index.php\/wp-json\/wp\/v2\/media?parent=488"}],"wp:term":[{"taxonomy":"product_brand","embeddable":true,"href":"https:\/\/mipcel.com\/index.php\/wp-json\/wp\/v2\/product_brand?post=488"},{"taxonomy":"product_cat","embeddable":true,"href":"https:\/\/mipcel.com\/index.php\/wp-json\/wp\/v2\/product_cat?post=488"},{"taxonomy":"product_tag","embeddable":true,"href":"https:\/\/mipcel.com\/index.php\/wp-json\/wp\/v2\/product_tag?post=488"}],"curies":[{"name":"wp","href":"https:\/\/api.w.org\/{rel}","templated":true}]}}