{"id":491,"date":"2023-07-07T14:29:27","date_gmt":"2023-07-07T20:29:27","guid":{"rendered":"https:\/\/mipcel.com\/?post_type=product&#038;p=491"},"modified":"2024-11-08T13:33:42","modified_gmt":"2024-11-08T19:33:42","slug":"moto-g41","status":"publish","type":"product","link":"https:\/\/mipcel.com\/index.php\/producto\/moto-g41\/","title":{"rendered":"Moto g41"},"content":{"rendered":"<p>Moto g41 de Motorola pone fin a las instant\u00e1neas borrosas gracias al estabilizador \u00f3ptico de imagen OIS de su c\u00e1mara principal de 48 + 8 + 2 megapixeles que te ayuda a obtener fotos y videos n\u00edtidos y de mayor encuadre. Cuenta con c\u00e1mara frontal de 13 megapixeles con ajustes para d\u00eda y noche. Disfruta tus plataformas de streaming en Full HD+ en su ancha pantalla OLED MaxVision de 6.4 pulgadas, tambi\u00e9n ideal para trabajar o jugar mientras disfrutas tu m\u00fasica favorita con el sonido 3D de Dolby Atmos\u00ae. Todo esto respaldado por el \u00e1gil desempe\u00f1o de su procesador de 8 n\u00facleos, su bater\u00eda de 5000 mAh con carga r\u00e1pida TurboPower\u2122 y 128 GB de memoria.<\/p>\n","protected":false},"excerpt":{"rendered":"<p>Moto g41 de Motorola pone fin a las instant\u00e1neas borrosas gracias al estabilizador \u00f3ptico de imagen OIS de su c\u00e1mara principal de 48 + 8 + 2 megapixeles que te ayuda a obtener fotos y videos n\u00edtidos y de mayor encuadre. Cuenta con c\u00e1mara frontal de 13 megapixeles con ajustes para d\u00eda y noche. Disfruta tus plataformas de streaming en Full HD+ en su ancha pantalla OLED MaxVision de 6.4 pulgadas, tambi\u00e9n ideal para trabajar o jugar mientras disfrutas tu m\u00fasica favorita con el sonido 3D de Dolby Atmos\u00ae. Todo esto respaldado por el \u00e1gil desempe\u00f1o de su procesador de 8 n\u00facleos, su bater\u00eda de 5000 mAh con carga r\u00e1pida TurboPower\u2122 y 128 GB de memoria.<\/p>\n","protected":false},"featured_media":580,"comment_status":"open","ping_status":"closed","template":"","meta":{"site-sidebar-layout":"default","site-content-layout":"","ast-site-content-layout":"default","site-content-style":"default","site-sidebar-style":"default","ast-global-header-display":"","ast-banner-title-visibility":"","ast-main-header-display":"","ast-hfb-above-header-display":"","ast-hfb-below-header-display":"","ast-hfb-mobile-header-display":"","site-post-title":"","ast-breadcrumbs-content":"","ast-featured-img":"","footer-sml-layout":"","ast-disable-related-posts":"","theme-transparent-header-meta":"","adv-header-id-meta":"","stick-header-meta":"","header-above-stick-meta":"","header-main-stick-meta":"","header-below-stick-meta":"","astra-migrate-meta-layouts":"default","ast-page-background-enabled":"default","ast-page-background-meta":{"desktop":{"background-color":"var(--ast-global-color-4)","background-image":"","background-repeat":"repeat","background-position":"center center","background-size":"auto","background-attachment":"scroll","background-type":"","background-media":"","overlay-type":"","overlay-color":"","overlay-opacity":"","overlay-gradient":""},"tablet":{"background-color":"","background-image":"","background-repeat":"repeat","background-position":"center center","background-size":"auto","background-attachment":"scroll","background-type":"","background-media":"","overlay-type":"","overlay-color":"","overlay-opacity":"","overlay-gradient":""},"mobile":{"background-color":"","background-image":"","background-repeat":"repeat","background-position":"center center","background-size":"auto","background-attachment":"scroll","background-type":"","background-media":"","overlay-type":"","overlay-color":"","overlay-opacity":"","overlay-gradient":""}},"ast-content-background-meta":{"desktop":{"background-color":"var(--ast-global-color-5)","background-image":"","background-repeat":"repeat","background-position":"center center","background-size":"auto","background-attachment":"scroll","background-type":"","background-media":"","overlay-type":"","overlay-color":"","overlay-opacity":"","overlay-gradient":""},"tablet":{"background-color":"var(--ast-global-color-5)","background-image":"","background-repeat":"repeat","background-position":"center center","background-size":"auto","background-attachment":"scroll","background-type":"","background-media":"","overlay-type":"","overlay-color":"","overlay-opacity":"","overlay-gradient":""},"mobile":{"background-color":"var(--ast-global-color-5)","background-image":"","background-repeat":"repeat","background-position":"center center","background-size":"auto","background-attachment":"scroll","background-type":"","background-media":"","overlay-type":"","overlay-color":"","overlay-opacity":"","overlay-gradient":""}}},"product_brand":[],"product_cat":[33],"product_tag":[],"class_list":{"0":"post-491","1":"product","2":"type-product","3":"status-publish","4":"has-post-thumbnail","6":"product_cat-motorola","7":"desktop-align-left","8":"tablet-align-left","9":"mobile-align-left","11":"first","12":"outofstock","13":"sale","14":"shipping-taxable","15":"purchasable","16":"product-type-simple"},"_links":{"self":[{"href":"https:\/\/mipcel.com\/index.php\/wp-json\/wp\/v2\/product\/491","targetHints":{"allow":["GET"]}}],"collection":[{"href":"https:\/\/mipcel.com\/index.php\/wp-json\/wp\/v2\/product"}],"about":[{"href":"https:\/\/mipcel.com\/index.php\/wp-json\/wp\/v2\/types\/product"}],"replies":[{"embeddable":true,"href":"https:\/\/mipcel.com\/index.php\/wp-json\/wp\/v2\/comments?post=491"}],"version-history":[{"count":1,"href":"https:\/\/mipcel.com\/index.php\/wp-json\/wp\/v2\/product\/491\/revisions"}],"predecessor-version":[{"id":581,"href":"https:\/\/mipcel.com\/index.php\/wp-json\/wp\/v2\/product\/491\/revisions\/581"}],"wp:featuredmedia":[{"embeddable":true,"href":"https:\/\/mipcel.com\/index.php\/wp-json\/wp\/v2\/media\/580"}],"wp:attachment":[{"href":"https:\/\/mipcel.com\/index.php\/wp-json\/wp\/v2\/media?parent=491"}],"wp:term":[{"taxonomy":"product_brand","embeddable":true,"href":"https:\/\/mipcel.com\/index.php\/wp-json\/wp\/v2\/product_brand?post=491"},{"taxonomy":"product_cat","embeddable":true,"href":"https:\/\/mipcel.com\/index.php\/wp-json\/wp\/v2\/product_cat?post=491"},{"taxonomy":"product_tag","embeddable":true,"href":"https:\/\/mipcel.com\/index.php\/wp-json\/wp\/v2\/product_tag?post=491"}],"curies":[{"name":"wp","href":"https:\/\/api.w.org\/{rel}","templated":true}]}}