{"id":492,"date":"2023-07-07T14:29:27","date_gmt":"2023-07-07T20:29:27","guid":{"rendered":"https:\/\/mipcel.com\/?post_type=product&#038;p=492"},"modified":"2023-07-07T14:31:03","modified_gmt":"2023-07-07T20:31:03","slug":"xiaomi-redmi-note-10-5g","status":"publish","type":"product","link":"https:\/\/mipcel.com\/index.php\/producto\/xiaomi-redmi-note-10-5g\/","title":{"rendered":"Xiaomi Redmi Note 10 5G"},"content":{"rendered":"<p>Xiaomi Redmi 10 integra todo lo que necesitas para alcanzar tus objetivos. Si lo que necesitas es crear fotos y videos originales para tus redes sociales, aprovecha su set de cuatro c\u00e1maras de 50 + 8 + 2 + 2 megapixeles impulsadas por inteligencia artificial, que incluye lentes ultra gran angular, macro y sensor de profundidad, adem\u00e1s de c\u00e1mara de frontal de 8 megapixeles para capturar tu historia como un profesional. Si quieres revivir tus recuerdos, jugar videojuegos y mirar tus videos favoritos sin pausa, saca partido de su pantalla DotDisplay FHD+ de 6.55 con la fluidez de sus 90Hz de frecuencia de actualizaci\u00f3n y el poder de su procesador MediaTek Helio G88. Complementa tu experiencia sensorial con su doble bocina con sonido est\u00e9reo y el respaldo de una bater\u00eda de 5000 mAh con carga r\u00e1pida de 18W.<\/p>\n","protected":false},"excerpt":{"rendered":"<p>Xiaomi Redmi 10 integra todo lo que necesitas para alcanzar tus objetivos. Si lo que necesitas es crear fotos y videos originales para tus redes sociales, aprovecha su set de cuatro c\u00e1maras de 50 + 8 + 2 + 2 megapixeles impulsadas por inteligencia artificial, que incluye lentes ultra gran angular, macro y sensor de profundidad, adem\u00e1s de c\u00e1mara de frontal de 8 megapixeles para capturar tu historia como un profesional. Si quieres revivir tus recuerdos, jugar videojuegos y mirar tus videos favoritos sin pausa, saca partido de su pantalla DotDisplay FHD+ de 6.55 con la fluidez de sus 90Hz de frecuencia de actualizaci\u00f3n y el poder de su procesador MediaTek Helio G88. Complementa tu experiencia sensorial con su doble bocina con sonido est\u00e9reo y el respaldo de una bater\u00eda de 5000 mAh con carga r\u00e1pida de 18W.<\/p>\n","protected":false},"featured_media":582,"comment_status":"open","ping_status":"closed","template":"","meta":{"site-sidebar-layout":"default","site-content-layout":"","ast-site-content-layout":"default","site-content-style":"default","site-sidebar-style":"default","ast-global-header-display":"","ast-banner-title-visibility":"","ast-main-header-display":"","ast-hfb-above-header-display":"","ast-hfb-below-header-display":"","ast-hfb-mobile-header-display":"","site-post-title":"","ast-breadcrumbs-content":"","ast-featured-img":"","footer-sml-layout":"","ast-disable-related-posts":"","theme-transparent-header-meta":"","adv-header-id-meta":"","stick-header-meta":"","header-above-stick-meta":"","header-main-stick-meta":"","header-below-stick-meta":"","astra-migrate-meta-layouts":"default","ast-page-background-enabled":"default","ast-page-background-meta":{"desktop":{"background-color":"var(--ast-global-color-4)","background-image":"","background-repeat":"repeat","background-position":"center center","background-size":"auto","background-attachment":"scroll","background-type":"","background-media":"","overlay-type":"","overlay-color":"","overlay-opacity":"","overlay-gradient":""},"tablet":{"background-color":"","background-image":"","background-repeat":"repeat","background-position":"center center","background-size":"auto","background-attachment":"scroll","background-type":"","background-media":"","overlay-type":"","overlay-color":"","overlay-opacity":"","overlay-gradient":""},"mobile":{"background-color":"","background-image":"","background-repeat":"repeat","background-position":"center center","background-size":"auto","background-attachment":"scroll","background-type":"","background-media":"","overlay-type":"","overlay-color":"","overlay-opacity":"","overlay-gradient":""}},"ast-content-background-meta":{"desktop":{"background-color":"var(--ast-global-color-5)","background-image":"","background-repeat":"repeat","background-position":"center center","background-size":"auto","background-attachment":"scroll","background-type":"","background-media":"","overlay-type":"","overlay-color":"","overlay-opacity":"","overlay-gradient":""},"tablet":{"background-color":"var(--ast-global-color-5)","background-image":"","background-repeat":"repeat","background-position":"center center","background-size":"auto","background-attachment":"scroll","background-type":"","background-media":"","overlay-type":"","overlay-color":"","overlay-opacity":"","overlay-gradient":""},"mobile":{"background-color":"var(--ast-global-color-5)","background-image":"","background-repeat":"repeat","background-position":"center center","background-size":"auto","background-attachment":"scroll","background-type":"","background-media":"","overlay-type":"","overlay-color":"","overlay-opacity":"","overlay-gradient":""}}},"product_brand":[],"product_cat":[35],"product_tag":[],"class_list":{"0":"post-492","1":"product","2":"type-product","3":"status-publish","4":"has-post-thumbnail","6":"product_cat-xiaomi","7":"desktop-align-left","8":"tablet-align-left","9":"mobile-align-left","11":"first","12":"outofstock","13":"sale","14":"shipping-taxable","15":"purchasable","16":"product-type-simple"},"_links":{"self":[{"href":"https:\/\/mipcel.com\/index.php\/wp-json\/wp\/v2\/product\/492","targetHints":{"allow":["GET"]}}],"collection":[{"href":"https:\/\/mipcel.com\/index.php\/wp-json\/wp\/v2\/product"}],"about":[{"href":"https:\/\/mipcel.com\/index.php\/wp-json\/wp\/v2\/types\/product"}],"replies":[{"embeddable":true,"href":"https:\/\/mipcel.com\/index.php\/wp-json\/wp\/v2\/comments?post=492"}],"version-history":[{"count":1,"href":"https:\/\/mipcel.com\/index.php\/wp-json\/wp\/v2\/product\/492\/revisions"}],"predecessor-version":[{"id":583,"href":"https:\/\/mipcel.com\/index.php\/wp-json\/wp\/v2\/product\/492\/revisions\/583"}],"wp:featuredmedia":[{"embeddable":true,"href":"https:\/\/mipcel.com\/index.php\/wp-json\/wp\/v2\/media\/582"}],"wp:attachment":[{"href":"https:\/\/mipcel.com\/index.php\/wp-json\/wp\/v2\/media?parent=492"}],"wp:term":[{"taxonomy":"product_brand","embeddable":true,"href":"https:\/\/mipcel.com\/index.php\/wp-json\/wp\/v2\/product_brand?post=492"},{"taxonomy":"product_cat","embeddable":true,"href":"https:\/\/mipcel.com\/index.php\/wp-json\/wp\/v2\/product_cat?post=492"},{"taxonomy":"product_tag","embeddable":true,"href":"https:\/\/mipcel.com\/index.php\/wp-json\/wp\/v2\/product_tag?post=492"}],"curies":[{"name":"wp","href":"https:\/\/api.w.org\/{rel}","templated":true}]}}