{"id":514,"date":"2023-07-07T14:29:52","date_gmt":"2023-07-07T20:29:52","guid":{"rendered":"https:\/\/mipcel.com\/?post_type=product&#038;p=514"},"modified":"2024-11-08T12:45:30","modified_gmt":"2024-11-08T18:45:30","slug":"oppo-reno7","status":"publish","type":"product","link":"https:\/\/mipcel.com\/index.php\/producto\/oppo-reno7\/","title":{"rendered":"OPPO Reno7"},"content":{"rendered":"<p>T\u00fa eres lo m\u00e1s importante y OPPO Reno7 te ayuda a destacar con selfies de otro nivel para tus redes sociales, gracias a que es el primer smartphone que integra sensor Sony IMX709 que capta m\u00e1s luz para fotos brillantes y n\u00edtidas, aun en tomas retroiluminadas y dispone de funciones, como retrato &#8216;Bokeh Flare&#8217; y herramientas de retoque. Su c\u00e1mara principal de 64 megapixeles con IA, lente de profundidad de 2 megapixeles e innovador microlente de 2 megapixeles que acent\u00faa los microdetalles hasta 30x, te permiten obtener fotos claras en las que resalta lo m\u00e1s bello de cada escena. Prueba la fluidez de su pantalla AMOLED FHD+ de 90Hz, la eficiencia de su procesador y la duraci\u00f3n de su gran bater\u00eda de 4500 mAh con carga r\u00e1pida SUPERVOOC\u2122 de 33W. Su dise\u00f1o retro y originales colores te encantar\u00e1n.<\/p>\n","protected":false},"excerpt":{"rendered":"<p>T\u00fa eres lo m\u00e1s importante y OPPO Reno7 te ayuda a destacar con selfies de otro nivel para tus redes sociales, gracias a que es el primer smartphone que integra sensor Sony IMX709 que capta m\u00e1s luz para fotos brillantes y n\u00edtidas, aun en tomas retroiluminadas y dispone de funciones, como retrato &#8216;Bokeh Flare&#8217; y herramientas de retoque. Su c\u00e1mara principal de 64 megapixeles con IA, lente de profundidad de 2 megapixeles e innovador microlente de 2 megapixeles que acent\u00faa los microdetalles hasta 30x, te permiten obtener fotos claras en las que resalta lo m\u00e1s bello de cada escena. Prueba la fluidez de su pantalla AMOLED FHD+ de 90Hz, la eficiencia de su procesador y la duraci\u00f3n de su gran bater\u00eda de 4500 mAh con carga r\u00e1pida SUPERVOOC\u2122 de 33W. Su dise\u00f1o retro y originales colores te encantar\u00e1n.<\/p>\n","protected":false},"featured_media":589,"comment_status":"open","ping_status":"closed","template":"","meta":{"site-sidebar-layout":"default","site-content-layout":"","ast-site-content-layout":"default","site-content-style":"default","site-sidebar-style":"default","ast-global-header-display":"","ast-banner-title-visibility":"","ast-main-header-display":"","ast-hfb-above-header-display":"","ast-hfb-below-header-display":"","ast-hfb-mobile-header-display":"","site-post-title":"","ast-breadcrumbs-content":"","ast-featured-img":"","footer-sml-layout":"","ast-disable-related-posts":"","theme-transparent-header-meta":"","adv-header-id-meta":"","stick-header-meta":"","header-above-stick-meta":"","header-main-stick-meta":"","header-below-stick-meta":"","astra-migrate-meta-layouts":"default","ast-page-background-enabled":"default","ast-page-background-meta":{"desktop":{"background-color":"var(--ast-global-color-4)","background-image":"","background-repeat":"repeat","background-position":"center center","background-size":"auto","background-attachment":"scroll","background-type":"","background-media":"","overlay-type":"","overlay-color":"","overlay-opacity":"","overlay-gradient":""},"tablet":{"background-color":"","background-image":"","background-repeat":"repeat","background-position":"center center","background-size":"auto","background-attachment":"scroll","background-type":"","background-media":"","overlay-type":"","overlay-color":"","overlay-opacity":"","overlay-gradient":""},"mobile":{"background-color":"","background-image":"","background-repeat":"repeat","background-position":"center center","background-size":"auto","background-attachment":"scroll","background-type":"","background-media":"","overlay-type":"","overlay-color":"","overlay-opacity":"","overlay-gradient":""}},"ast-content-background-meta":{"desktop":{"background-color":"var(--ast-global-color-5)","background-image":"","background-repeat":"repeat","background-position":"center center","background-size":"auto","background-attachment":"scroll","background-type":"","background-media":"","overlay-type":"","overlay-color":"","overlay-opacity":"","overlay-gradient":""},"tablet":{"background-color":"var(--ast-global-color-5)","background-image":"","background-repeat":"repeat","background-position":"center center","background-size":"auto","background-attachment":"scroll","background-type":"","background-media":"","overlay-type":"","overlay-color":"","overlay-opacity":"","overlay-gradient":""},"mobile":{"background-color":"var(--ast-global-color-5)","background-image":"","background-repeat":"repeat","background-position":"center center","background-size":"auto","background-attachment":"scroll","background-type":"","background-media":"","overlay-type":"","overlay-color":"","overlay-opacity":"","overlay-gradient":""}}},"product_brand":[],"product_cat":[38],"product_tag":[],"class_list":{"0":"post-514","1":"product","2":"type-product","3":"status-publish","4":"has-post-thumbnail","6":"product_cat-oppo","7":"desktop-align-left","8":"tablet-align-left","9":"mobile-align-left","11":"first","12":"outofstock","13":"sale","14":"shipping-taxable","15":"purchasable","16":"product-type-simple"},"_links":{"self":[{"href":"https:\/\/mipcel.com\/index.php\/wp-json\/wp\/v2\/product\/514","targetHints":{"allow":["GET"]}}],"collection":[{"href":"https:\/\/mipcel.com\/index.php\/wp-json\/wp\/v2\/product"}],"about":[{"href":"https:\/\/mipcel.com\/index.php\/wp-json\/wp\/v2\/types\/product"}],"replies":[{"embeddable":true,"href":"https:\/\/mipcel.com\/index.php\/wp-json\/wp\/v2\/comments?post=514"}],"version-history":[{"count":1,"href":"https:\/\/mipcel.com\/index.php\/wp-json\/wp\/v2\/product\/514\/revisions"}],"predecessor-version":[{"id":590,"href":"https:\/\/mipcel.com\/index.php\/wp-json\/wp\/v2\/product\/514\/revisions\/590"}],"wp:featuredmedia":[{"embeddable":true,"href":"https:\/\/mipcel.com\/index.php\/wp-json\/wp\/v2\/media\/589"}],"wp:attachment":[{"href":"https:\/\/mipcel.com\/index.php\/wp-json\/wp\/v2\/media?parent=514"}],"wp:term":[{"taxonomy":"product_brand","embeddable":true,"href":"https:\/\/mipcel.com\/index.php\/wp-json\/wp\/v2\/product_brand?post=514"},{"taxonomy":"product_cat","embeddable":true,"href":"https:\/\/mipcel.com\/index.php\/wp-json\/wp\/v2\/product_cat?post=514"},{"taxonomy":"product_tag","embeddable":true,"href":"https:\/\/mipcel.com\/index.php\/wp-json\/wp\/v2\/product_tag?post=514"}],"curies":[{"name":"wp","href":"https:\/\/api.w.org\/{rel}","templated":true}]}}