{"id":515,"date":"2023-07-07T14:29:52","date_gmt":"2023-07-07T20:29:52","guid":{"rendered":"https:\/\/mipcel.com\/?post_type=product&#038;p=515"},"modified":"2023-07-07T14:31:11","modified_gmt":"2023-07-07T20:31:11","slug":"oppo-a77","status":"publish","type":"product","link":"https:\/\/mipcel.com\/index.php\/producto\/oppo-a77\/","title":{"rendered":"OPPO A77"},"content":{"rendered":"<p>Mantente en contacto con todos tus seres queridos y lleva toda la tecnolog\u00eda en tus manos con este\u00a0<em>smartphone\u00a0<\/em><strong>OPPO A77,<\/strong>\u00a0perfecto para que te acompa\u00f1e todos los d\u00edas.<\/p>\n<p>Este modelo tiene un sistema operativo\u00a0<strong>Android 12<\/strong>\u00a0y tecnolog\u00eda 4G y Wi-Fi para que siempre est\u00e9s conectado. Sus c\u00e1maras traseras con\u00a0<strong>50 + 2 MP\u00a0<\/strong>te permite hacer tomas espectaculares y con su\u00a0<strong>c\u00e1mara frontal de 8 MP\u00a0<\/strong>lograr\u00e1s\u00a0<em>selfies\u00a0<\/em>geniales. Su pantalla touch es de<strong>\u00a06.56 pulgadas<\/strong>\u00a0para que disfrutes videos en alta definici\u00f3n.<\/p>\n<p>Podr\u00e1s descargar todas las aplicaciones que necesites gracias a su memoria de\u00a0<strong>128 GB<\/strong>,\u00a0<strong>expandible hasta 1 TB<\/strong>. Su procesador\u00a0<strong>Octa Core de 1.8 ghz<\/strong>\u00a0y memoria RAM de 4 GB te dan un gran rendimiento, adem\u00e1s su<strong>\u00a0bater\u00eda de 5,000 mAh<\/strong>\u00a0hace que lo uses sin preocuparte por la carga.<\/p>\n","protected":false},"excerpt":{"rendered":"<p>Mantente en contacto con todos tus seres queridos y lleva toda la tecnolog\u00eda en tus manos con este\u00a0<em>smartphone\u00a0<\/em><strong>OPPO A77,<\/strong>\u00a0perfecto para que te acompa\u00f1e todos los d\u00edas.<\/p>\n<p>Este modelo tiene un sistema operativo\u00a0<strong>Android 12<\/strong>\u00a0y tecnolog\u00eda 4G y Wi-Fi para que siempre est\u00e9s conectado. Sus c\u00e1maras traseras con\u00a0<strong>50 + 2 MP\u00a0<\/strong>te permite hacer tomas espectaculares y con su\u00a0<strong>c\u00e1mara frontal de 8 MP\u00a0<\/strong>lograr\u00e1s\u00a0<em>selfies\u00a0<\/em>geniales. Su pantalla touch es de<strong>\u00a06.56 pulgadas<\/strong>\u00a0para que disfrutes videos en alta definici\u00f3n.<\/p>\n<p>Podr\u00e1s descargar todas las aplicaciones que necesites gracias a su memoria de\u00a0<strong>128 GB<\/strong>,\u00a0<strong>expandible hasta 1 TB<\/strong>. Su procesador\u00a0<strong>Octa Core de 1.8 ghz<\/strong>\u00a0y memoria RAM de 4 GB te dan un gran rendimiento, adem\u00e1s su<strong>\u00a0bater\u00eda de 5,000 mAh<\/strong>\u00a0hace que lo uses sin preocuparte por la carga.<\/p>\n","protected":false},"featured_media":591,"comment_status":"open","ping_status":"closed","template":"","meta":{"site-sidebar-layout":"default","site-content-layout":"","ast-site-content-layout":"default","site-content-style":"default","site-sidebar-style":"default","ast-global-header-display":"","ast-banner-title-visibility":"","ast-main-header-display":"","ast-hfb-above-header-display":"","ast-hfb-below-header-display":"","ast-hfb-mobile-header-display":"","site-post-title":"","ast-breadcrumbs-content":"","ast-featured-img":"","footer-sml-layout":"","ast-disable-related-posts":"","theme-transparent-header-meta":"","adv-header-id-meta":"","stick-header-meta":"","header-above-stick-meta":"","header-main-stick-meta":"","header-below-stick-meta":"","astra-migrate-meta-layouts":"default","ast-page-background-enabled":"default","ast-page-background-meta":{"desktop":{"background-color":"var(--ast-global-color-4)","background-image":"","background-repeat":"repeat","background-position":"center center","background-size":"auto","background-attachment":"scroll","background-type":"","background-media":"","overlay-type":"","overlay-color":"","overlay-opacity":"","overlay-gradient":""},"tablet":{"background-color":"","background-image":"","background-repeat":"repeat","background-position":"center center","background-size":"auto","background-attachment":"scroll","background-type":"","background-media":"","overlay-type":"","overlay-color":"","overlay-opacity":"","overlay-gradient":""},"mobile":{"background-color":"","background-image":"","background-repeat":"repeat","background-position":"center center","background-size":"auto","background-attachment":"scroll","background-type":"","background-media":"","overlay-type":"","overlay-color":"","overlay-opacity":"","overlay-gradient":""}},"ast-content-background-meta":{"desktop":{"background-color":"var(--ast-global-color-5)","background-image":"","background-repeat":"repeat","background-position":"center center","background-size":"auto","background-attachment":"scroll","background-type":"","background-media":"","overlay-type":"","overlay-color":"","overlay-opacity":"","overlay-gradient":""},"tablet":{"background-color":"var(--ast-global-color-5)","background-image":"","background-repeat":"repeat","background-position":"center center","background-size":"auto","background-attachment":"scroll","background-type":"","background-media":"","overlay-type":"","overlay-color":"","overlay-opacity":"","overlay-gradient":""},"mobile":{"background-color":"var(--ast-global-color-5)","background-image":"","background-repeat":"repeat","background-position":"center center","background-size":"auto","background-attachment":"scroll","background-type":"","background-media":"","overlay-type":"","overlay-color":"","overlay-opacity":"","overlay-gradient":""}}},"product_brand":[],"product_cat":[38],"product_tag":[],"class_list":{"0":"post-515","1":"product","2":"type-product","3":"status-publish","4":"has-post-thumbnail","6":"product_cat-oppo","7":"desktop-align-left","8":"tablet-align-left","9":"mobile-align-left","11":"first","12":"outofstock","13":"shipping-taxable","14":"purchasable","15":"product-type-simple"},"_links":{"self":[{"href":"https:\/\/mipcel.com\/index.php\/wp-json\/wp\/v2\/product\/515","targetHints":{"allow":["GET"]}}],"collection":[{"href":"https:\/\/mipcel.com\/index.php\/wp-json\/wp\/v2\/product"}],"about":[{"href":"https:\/\/mipcel.com\/index.php\/wp-json\/wp\/v2\/types\/product"}],"replies":[{"embeddable":true,"href":"https:\/\/mipcel.com\/index.php\/wp-json\/wp\/v2\/comments?post=515"}],"version-history":[{"count":1,"href":"https:\/\/mipcel.com\/index.php\/wp-json\/wp\/v2\/product\/515\/revisions"}],"predecessor-version":[{"id":592,"href":"https:\/\/mipcel.com\/index.php\/wp-json\/wp\/v2\/product\/515\/revisions\/592"}],"wp:featuredmedia":[{"embeddable":true,"href":"https:\/\/mipcel.com\/index.php\/wp-json\/wp\/v2\/media\/591"}],"wp:attachment":[{"href":"https:\/\/mipcel.com\/index.php\/wp-json\/wp\/v2\/media?parent=515"}],"wp:term":[{"taxonomy":"product_brand","embeddable":true,"href":"https:\/\/mipcel.com\/index.php\/wp-json\/wp\/v2\/product_brand?post=515"},{"taxonomy":"product_cat","embeddable":true,"href":"https:\/\/mipcel.com\/index.php\/wp-json\/wp\/v2\/product_cat?post=515"},{"taxonomy":"product_tag","embeddable":true,"href":"https:\/\/mipcel.com\/index.php\/wp-json\/wp\/v2\/product_tag?post=515"}],"curies":[{"name":"wp","href":"https:\/\/api.w.org\/{rel}","templated":true}]}}