{"id":522,"date":"2023-07-07T14:29:53","date_gmt":"2023-07-07T20:29:53","guid":{"rendered":"https:\/\/mipcel.com\/?post_type=product&#038;p=522"},"modified":"2023-07-07T14:31:32","modified_gmt":"2023-07-07T20:31:32","slug":"huawei-y9s-breathing-crystal","status":"publish","type":"product","link":"https:\/\/mipcel.com\/index.php\/producto\/huawei-y9s-breathing-crystal\/","title":{"rendered":"Huawei Y9s Breathing Crystal"},"content":{"rendered":"<p>Fotograf\u00eda profesional en tu bolsillo<br \/>\nDescubre infinitas posibilidades para tus fotos con las 3 c\u00e1maras principales de tu equipo. Pon a prueba tu creatividad y juega con la iluminaci\u00f3n, diferentes planos y efectos para obtener grandes resultados.<\/p>\n<p>Adem\u00e1s, el dispositivo cuenta con c\u00e1mara frontal de 16 Mpx para que puedas sacarte divertidas selfies o hacer videollamadas.<\/p>\n<p>Capacidad y eficiencia<br \/>\nCon su potente procesador y memoria RAM de 6 GB tu equipo alcanzar\u00e1 un alto rendimiento con gran velocidad de transmisi\u00f3n de contenidos y ejecutar\u00e1 m\u00faltiples aplicaciones a la vez sin demoras.<\/p>\n<p>Desbloqueo veloz con tu huella digital<br \/>\nCon el sensor de huella digital, el acceso es seguro y podr\u00e1s desbloquearlo autom\u00e1ticamente con un toque.<\/p>\n<p>Bater\u00eda de duraci\u00f3n superior<br \/>\n\u00a1Desench\u00fafate! Con la s\u00faper bater\u00eda de 4000 mAh tendr\u00e1s energ\u00eda por mucho m\u00e1s tiempo para jugar, ver series o trabajar sin necesidad de realizar recargas.<\/p>\n","protected":false},"excerpt":{"rendered":"<p>El\u00a0<strong>Huawei Y9s<\/strong>\u00a0es un smartphone con una pantalla Full HD+ de 6.59 pulgadas y potenciado por un procesador Kirin 710F acompa\u00f1ado de 6GB de memoria RAM y 128GB de almacenamiento interno expandible.<\/p>\n","protected":false},"featured_media":615,"comment_status":"open","ping_status":"closed","template":"","meta":{"site-sidebar-layout":"default","site-content-layout":"","ast-site-content-layout":"default","site-content-style":"default","site-sidebar-style":"default","ast-global-header-display":"","ast-banner-title-visibility":"","ast-main-header-display":"","ast-hfb-above-header-display":"","ast-hfb-below-header-display":"","ast-hfb-mobile-header-display":"","site-post-title":"","ast-breadcrumbs-content":"","ast-featured-img":"","footer-sml-layout":"","ast-disable-related-posts":"","theme-transparent-header-meta":"","adv-header-id-meta":"","stick-header-meta":"","header-above-stick-meta":"","header-main-stick-meta":"","header-below-stick-meta":"","astra-migrate-meta-layouts":"default","ast-page-background-enabled":"default","ast-page-background-meta":{"desktop":{"background-color":"var(--ast-global-color-4)","background-image":"","background-repeat":"repeat","background-position":"center center","background-size":"auto","background-attachment":"scroll","background-type":"","background-media":"","overlay-type":"","overlay-color":"","overlay-opacity":"","overlay-gradient":""},"tablet":{"background-color":"","background-image":"","background-repeat":"repeat","background-position":"center center","background-size":"auto","background-attachment":"scroll","background-type":"","background-media":"","overlay-type":"","overlay-color":"","overlay-opacity":"","overlay-gradient":""},"mobile":{"background-color":"","background-image":"","background-repeat":"repeat","background-position":"center center","background-size":"auto","background-attachment":"scroll","background-type":"","background-media":"","overlay-type":"","overlay-color":"","overlay-opacity":"","overlay-gradient":""}},"ast-content-background-meta":{"desktop":{"background-color":"var(--ast-global-color-5)","background-image":"","background-repeat":"repeat","background-position":"center center","background-size":"auto","background-attachment":"scroll","background-type":"","background-media":"","overlay-type":"","overlay-color":"","overlay-opacity":"","overlay-gradient":""},"tablet":{"background-color":"var(--ast-global-color-5)","background-image":"","background-repeat":"repeat","background-position":"center center","background-size":"auto","background-attachment":"scroll","background-type":"","background-media":"","overlay-type":"","overlay-color":"","overlay-opacity":"","overlay-gradient":""},"mobile":{"background-color":"var(--ast-global-color-5)","background-image":"","background-repeat":"repeat","background-position":"center center","background-size":"auto","background-attachment":"scroll","background-type":"","background-media":"","overlay-type":"","overlay-color":"","overlay-opacity":"","overlay-gradient":""}}},"product_brand":[],"product_cat":[40],"product_tag":[],"class_list":{"0":"post-522","1":"product","2":"type-product","3":"status-publish","4":"has-post-thumbnail","6":"product_cat-huawei","7":"desktop-align-left","8":"tablet-align-left","9":"mobile-align-left","11":"first","12":"outofstock","13":"sale","14":"shipping-taxable","15":"purchasable","16":"product-type-simple"},"_links":{"self":[{"href":"https:\/\/mipcel.com\/index.php\/wp-json\/wp\/v2\/product\/522","targetHints":{"allow":["GET"]}}],"collection":[{"href":"https:\/\/mipcel.com\/index.php\/wp-json\/wp\/v2\/product"}],"about":[{"href":"https:\/\/mipcel.com\/index.php\/wp-json\/wp\/v2\/types\/product"}],"replies":[{"embeddable":true,"href":"https:\/\/mipcel.com\/index.php\/wp-json\/wp\/v2\/comments?post=522"}],"version-history":[{"count":1,"href":"https:\/\/mipcel.com\/index.php\/wp-json\/wp\/v2\/product\/522\/revisions"}],"predecessor-version":[{"id":618,"href":"https:\/\/mipcel.com\/index.php\/wp-json\/wp\/v2\/product\/522\/revisions\/618"}],"wp:featuredmedia":[{"embeddable":true,"href":"https:\/\/mipcel.com\/index.php\/wp-json\/wp\/v2\/media\/615"}],"wp:attachment":[{"href":"https:\/\/mipcel.com\/index.php\/wp-json\/wp\/v2\/media?parent=522"}],"wp:term":[{"taxonomy":"product_brand","embeddable":true,"href":"https:\/\/mipcel.com\/index.php\/wp-json\/wp\/v2\/product_brand?post=522"},{"taxonomy":"product_cat","embeddable":true,"href":"https:\/\/mipcel.com\/index.php\/wp-json\/wp\/v2\/product_cat?post=522"},{"taxonomy":"product_tag","embeddable":true,"href":"https:\/\/mipcel.com\/index.php\/wp-json\/wp\/v2\/product_tag?post=522"}],"curies":[{"name":"wp","href":"https:\/\/api.w.org\/{rel}","templated":true}]}}