{"id":564,"date":"2023-07-07T14:30:41","date_gmt":"2023-07-07T20:30:41","guid":{"rendered":"https:\/\/mipcel.com\/?post_type=product&#038;p=564"},"modified":"2023-07-07T14:32:18","modified_gmt":"2023-07-07T20:32:18","slug":"samsung-a54-grafit","status":"publish","type":"product","link":"https:\/\/mipcel.com\/index.php\/producto\/samsung-a54-grafit\/","title":{"rendered":"Samsung A54 Grafit"},"content":{"rendered":"<p role=\"listitem\">Calculado seg\u00fan el uso de un perfil de usuario promedio\/regular. Evaluaci\u00f3n independiente llevada a cabo por Strategy Analytics entre el 8 de diciembre y el 18 de diciembre de 2020 en EE. UU. y el Reino Unido, con versiones preliminares al lanzamiento de SM-S901, SM-S906 y SM-S908 con configuraci\u00f3n predeterminada utilizando redes 5G Sub6 (NO probadas con la red 5G mmWave). La duraci\u00f3n real de la bater\u00eda podr\u00eda variar seg\u00fan el entorno de red, funciones y aplicaciones que se utilicen, frecuencia de las llamadas y mensajes, ciclos de carga realizados, y muchos otros factores.<\/p>\n<p role=\"listitem\">* Capacidad de almacenamiento: El almacenamiento para el usuario es menor al almacenamiento total debido al espacio que ocupan el sistema operativo y el software necesario para operar las funciones del tel\u00e9fono. El almacenamiento actual para el usuario puede variar dependiendo del operador celular y podr\u00eda cambiar despu\u00e9s de realizar alguna actualizaci\u00f3n de software.<\/p>\n<p role=\"listitem\">* Red: Los anchos de banda soportados por el dispositivo pueden variar dependiendo del proveedor de servicio.<\/p>\n<p role=\"listitem\">* Bater\u00eda: la duraci\u00f3n real de la bater\u00eda puede variar en funci\u00f3n del entorno de red, funciones y aplicaciones utilizadas, frecuencia de llamadas y mensajes, n\u00famero de veces que se ha cargado el dispositivo y muchos otros factores.<\/p>\n<p role=\"listitem\">Los Galaxy Z Fold3 5G y Z Flip3 5G cuentan con la clasificaci\u00f3n IPX8. La norma IPX8 se basa en pruebas de inmersi\u00f3n en agua dulce a una profundidad de 1.5\u00a0metros hasta 30\u00a0minutos. No se recomienda su uso en playas o piscinas. No es resistente al polvo.<\/p>\n","protected":false},"excerpt":{"rendered":"<p>Toma tus fotos y videos con estabilizador de c\u00e1mara, mayor brillosidad y visibilidad para exteriores. Observa todos los detalles con su pantalla infinity 6.4&#8243; FHD+ y su protecci\u00f3n para tus ojos. La navegaci\u00f3n m\u00e1s r\u00e1pida de 5G y su durabilidad contra salpicaduras de agua y polvo. Por \u00faltimo, disfruta de su AI enhancer, Quickshare y Security MR x 5.<\/p>\n","protected":false},"featured_media":659,"comment_status":"open","ping_status":"closed","template":"","meta":{"site-sidebar-layout":"default","site-content-layout":"","ast-site-content-layout":"default","site-content-style":"default","site-sidebar-style":"default","ast-global-header-display":"","ast-banner-title-visibility":"","ast-main-header-display":"","ast-hfb-above-header-display":"","ast-hfb-below-header-display":"","ast-hfb-mobile-header-display":"","site-post-title":"","ast-breadcrumbs-content":"","ast-featured-img":"","footer-sml-layout":"","ast-disable-related-posts":"","theme-transparent-header-meta":"","adv-header-id-meta":"","stick-header-meta":"","header-above-stick-meta":"","header-main-stick-meta":"","header-below-stick-meta":"","astra-migrate-meta-layouts":"default","ast-page-background-enabled":"default","ast-page-background-meta":{"desktop":{"background-color":"var(--ast-global-color-4)","background-image":"","background-repeat":"repeat","background-position":"center center","background-size":"auto","background-attachment":"scroll","background-type":"","background-media":"","overlay-type":"","overlay-color":"","overlay-opacity":"","overlay-gradient":""},"tablet":{"background-color":"","background-image":"","background-repeat":"repeat","background-position":"center center","background-size":"auto","background-attachment":"scroll","background-type":"","background-media":"","overlay-type":"","overlay-color":"","overlay-opacity":"","overlay-gradient":""},"mobile":{"background-color":"","background-image":"","background-repeat":"repeat","background-position":"center center","background-size":"auto","background-attachment":"scroll","background-type":"","background-media":"","overlay-type":"","overlay-color":"","overlay-opacity":"","overlay-gradient":""}},"ast-content-background-meta":{"desktop":{"background-color":"var(--ast-global-color-5)","background-image":"","background-repeat":"repeat","background-position":"center center","background-size":"auto","background-attachment":"scroll","background-type":"","background-media":"","overlay-type":"","overlay-color":"","overlay-opacity":"","overlay-gradient":""},"tablet":{"background-color":"var(--ast-global-color-5)","background-image":"","background-repeat":"repeat","background-position":"center center","background-size":"auto","background-attachment":"scroll","background-type":"","background-media":"","overlay-type":"","overlay-color":"","overlay-opacity":"","overlay-gradient":""},"mobile":{"background-color":"var(--ast-global-color-5)","background-image":"","background-repeat":"repeat","background-position":"center center","background-size":"auto","background-attachment":"scroll","background-type":"","background-media":"","overlay-type":"","overlay-color":"","overlay-opacity":"","overlay-gradient":""}}},"product_brand":[],"product_cat":[36],"product_tag":[],"class_list":{"0":"post-564","1":"product","2":"type-product","3":"status-publish","4":"has-post-thumbnail","6":"product_cat-samsung","7":"desktop-align-left","8":"tablet-align-left","9":"mobile-align-left","11":"first","12":"outofstock","13":"sale","14":"shipping-taxable","15":"purchasable","16":"product-type-simple"},"_links":{"self":[{"href":"https:\/\/mipcel.com\/index.php\/wp-json\/wp\/v2\/product\/564","targetHints":{"allow":["GET"]}}],"collection":[{"href":"https:\/\/mipcel.com\/index.php\/wp-json\/wp\/v2\/product"}],"about":[{"href":"https:\/\/mipcel.com\/index.php\/wp-json\/wp\/v2\/types\/product"}],"replies":[{"embeddable":true,"href":"https:\/\/mipcel.com\/index.php\/wp-json\/wp\/v2\/comments?post=564"}],"version-history":[{"count":1,"href":"https:\/\/mipcel.com\/index.php\/wp-json\/wp\/v2\/product\/564\/revisions"}],"predecessor-version":[{"id":664,"href":"https:\/\/mipcel.com\/index.php\/wp-json\/wp\/v2\/product\/564\/revisions\/664"}],"wp:featuredmedia":[{"embeddable":true,"href":"https:\/\/mipcel.com\/index.php\/wp-json\/wp\/v2\/media\/659"}],"wp:attachment":[{"href":"https:\/\/mipcel.com\/index.php\/wp-json\/wp\/v2\/media?parent=564"}],"wp:term":[{"taxonomy":"product_brand","embeddable":true,"href":"https:\/\/mipcel.com\/index.php\/wp-json\/wp\/v2\/product_brand?post=564"},{"taxonomy":"product_cat","embeddable":true,"href":"https:\/\/mipcel.com\/index.php\/wp-json\/wp\/v2\/product_cat?post=564"},{"taxonomy":"product_tag","embeddable":true,"href":"https:\/\/mipcel.com\/index.php\/wp-json\/wp\/v2\/product_tag?post=564"}],"curies":[{"name":"wp","href":"https:\/\/api.w.org\/{rel}","templated":true}]}}