{"id":565,"date":"2023-07-07T14:30:41","date_gmt":"2023-07-07T20:30:41","guid":{"rendered":"https:\/\/mipcel.com\/?post_type=product&#038;p=565"},"modified":"2023-07-07T14:32:27","modified_gmt":"2023-07-07T20:32:27","slug":"honor-magic-5-lite-5g","status":"publish","type":"product","link":"https:\/\/mipcel.com\/index.php\/producto\/honor-magic-5-lite-5g\/","title":{"rendered":"Honor Magic 5 Lite 5G"},"content":{"rendered":"<p>HONOR Magic5 Lite 5G cuenta con una pantalla OLED curva ultra resistente de 120Hz y de 6.67 pulgadas. Brinda una relaci\u00f3n pantalla-cuerpo del 93%, lo que garantiza una experiencia de visualizaci\u00f3n envolvente para todo tipo de contenidos. Delgado y ligero, el HONOR Magic5 Lite 5G mide 7.9 milimetros de grosor y pesa 175 gramos e incorpora una serie de caracter\u00edsticas de dise\u00f1o premium, que incluye una incre\u00edble c\u00e1mara circular sim\u00e9trica.\u00a0 Con una bater\u00eda ultra grande de 5100mAh en un cuerpo compacto, el HONOR Magic5 Lite 5G es el smartphone m\u00e1s delgado y ligero de HONOR que cuenta con una bater\u00eda de m\u00e1s de 5000mAh. Esta capacidad le permite soportar hasta 2 d\u00edas de uso diario para una experiencia sin interrupciones. Con solo 30 minutos de carga, ofrece 12.5 horas de streaming de video.<\/p>\n","protected":false},"excerpt":{"rendered":"<p>HONOR Magic5 Lite 5G cuenta con una pantalla OLED curva ultra resistente de 120Hz y de 6.67 pulgadas. Brinda una relaci\u00f3n pantalla-cuerpo del 93%, lo que garantiza una experiencia de visualizaci\u00f3n envolvente para todo tipo de contenidos. Delgado y ligero, el HONOR Magic5 Lite 5G mide 7.9 milimetros de grosor y pesa 175 gramos e incorpora una serie de caracter\u00edsticas de dise\u00f1o premium, que incluye una incre\u00edble c\u00e1mara circular sim\u00e9trica.\u00a0 Con una bater\u00eda ultra grande de 5100mAh en un cuerpo compacto, el HONOR Magic5 Lite 5G es el smartphone m\u00e1s delgado y ligero de HONOR que cuenta con una bater\u00eda de m\u00e1s de 5000mAh. Esta capacidad le permite soportar hasta 2 d\u00edas de uso diario para una experiencia sin interrupciones. Con solo 30 minutos de carga, ofrece 12.5 horas de streaming de video.<\/p>\n","protected":false},"featured_media":665,"comment_status":"open","ping_status":"closed","template":"","meta":{"site-sidebar-layout":"default","site-content-layout":"","ast-site-content-layout":"default","site-content-style":"default","site-sidebar-style":"default","ast-global-header-display":"","ast-banner-title-visibility":"","ast-main-header-display":"","ast-hfb-above-header-display":"","ast-hfb-below-header-display":"","ast-hfb-mobile-header-display":"","site-post-title":"","ast-breadcrumbs-content":"","ast-featured-img":"","footer-sml-layout":"","ast-disable-related-posts":"","theme-transparent-header-meta":"","adv-header-id-meta":"","stick-header-meta":"","header-above-stick-meta":"","header-main-stick-meta":"","header-below-stick-meta":"","astra-migrate-meta-layouts":"default","ast-page-background-enabled":"default","ast-page-background-meta":{"desktop":{"background-color":"var(--ast-global-color-4)","background-image":"","background-repeat":"repeat","background-position":"center center","background-size":"auto","background-attachment":"scroll","background-type":"","background-media":"","overlay-type":"","overlay-color":"","overlay-opacity":"","overlay-gradient":""},"tablet":{"background-color":"","background-image":"","background-repeat":"repeat","background-position":"center center","background-size":"auto","background-attachment":"scroll","background-type":"","background-media":"","overlay-type":"","overlay-color":"","overlay-opacity":"","overlay-gradient":""},"mobile":{"background-color":"","background-image":"","background-repeat":"repeat","background-position":"center center","background-size":"auto","background-attachment":"scroll","background-type":"","background-media":"","overlay-type":"","overlay-color":"","overlay-opacity":"","overlay-gradient":""}},"ast-content-background-meta":{"desktop":{"background-color":"var(--ast-global-color-5)","background-image":"","background-repeat":"repeat","background-position":"center center","background-size":"auto","background-attachment":"scroll","background-type":"","background-media":"","overlay-type":"","overlay-color":"","overlay-opacity":"","overlay-gradient":""},"tablet":{"background-color":"var(--ast-global-color-5)","background-image":"","background-repeat":"repeat","background-position":"center center","background-size":"auto","background-attachment":"scroll","background-type":"","background-media":"","overlay-type":"","overlay-color":"","overlay-opacity":"","overlay-gradient":""},"mobile":{"background-color":"var(--ast-global-color-5)","background-image":"","background-repeat":"repeat","background-position":"center center","background-size":"auto","background-attachment":"scroll","background-type":"","background-media":"","overlay-type":"","overlay-color":"","overlay-opacity":"","overlay-gradient":""}}},"product_brand":[],"product_cat":[42],"product_tag":[],"class_list":{"0":"post-565","1":"product","2":"type-product","3":"status-publish","4":"has-post-thumbnail","6":"product_cat-honor","7":"desktop-align-left","8":"tablet-align-left","9":"mobile-align-left","11":"first","12":"outofstock","13":"sale","14":"shipping-taxable","15":"purchasable","16":"product-type-simple"},"_links":{"self":[{"href":"https:\/\/mipcel.com\/index.php\/wp-json\/wp\/v2\/product\/565","targetHints":{"allow":["GET"]}}],"collection":[{"href":"https:\/\/mipcel.com\/index.php\/wp-json\/wp\/v2\/product"}],"about":[{"href":"https:\/\/mipcel.com\/index.php\/wp-json\/wp\/v2\/types\/product"}],"replies":[{"embeddable":true,"href":"https:\/\/mipcel.com\/index.php\/wp-json\/wp\/v2\/comments?post=565"}],"version-history":[{"count":1,"href":"https:\/\/mipcel.com\/index.php\/wp-json\/wp\/v2\/product\/565\/revisions"}],"predecessor-version":[{"id":669,"href":"https:\/\/mipcel.com\/index.php\/wp-json\/wp\/v2\/product\/565\/revisions\/669"}],"wp:featuredmedia":[{"embeddable":true,"href":"https:\/\/mipcel.com\/index.php\/wp-json\/wp\/v2\/media\/665"}],"wp:attachment":[{"href":"https:\/\/mipcel.com\/index.php\/wp-json\/wp\/v2\/media?parent=565"}],"wp:term":[{"taxonomy":"product_brand","embeddable":true,"href":"https:\/\/mipcel.com\/index.php\/wp-json\/wp\/v2\/product_brand?post=565"},{"taxonomy":"product_cat","embeddable":true,"href":"https:\/\/mipcel.com\/index.php\/wp-json\/wp\/v2\/product_cat?post=565"},{"taxonomy":"product_tag","embeddable":true,"href":"https:\/\/mipcel.com\/index.php\/wp-json\/wp\/v2\/product_tag?post=565"}],"curies":[{"name":"wp","href":"https:\/\/api.w.org\/{rel}","templated":true}]}}