{"id":567,"date":"2023-07-07T14:30:41","date_gmt":"2023-07-07T20:30:41","guid":{"rendered":"https:\/\/mipcel.com\/?post_type=product&#038;p=567"},"modified":"2023-07-07T14:32:46","modified_gmt":"2023-07-07T20:32:46","slug":"zte-blade-a51","status":"publish","type":"product","link":"https:\/\/mipcel.com\/index.php\/producto\/zte-blade-a51\/","title":{"rendered":"ZTE Blade A51"},"content":{"rendered":"<p>Obt\u00e9n fotos geniales con el nuevo ZTE Blade A51, y captura todos tus recuerdos con su c\u00e1mara dual de 13+2 megapixeles con flash. Cuenta con c\u00e1mara frontal de 5 Mpx. Vive una gran experiencia visual en su pantalla de 6.52\u201d HD+ con notch gota de agua y marcos reducidos. Guarda todos tus contenidos favoritos en sus 64 GB de memoria interna que es expandible hasta 512 GB con microSD. Disfruta de todas tus aplicaciones con un gran desempe\u00f1o gracias a sus 2GB de RAM y a su procesador Unisoc SC9863A Octa Core ((1.6GHz*4) + (1.2GHz*4)). Bater\u00eda de 3200mAh. ZTE Blade A51 es un equipo 4G LTE con Android 11 Go.<\/p>\n","protected":false},"excerpt":{"rendered":"<p>Obt\u00e9n fotos geniales con el nuevo ZTE Blade A51, y captura todos tus recuerdos con su c\u00e1mara dual de 13+2 megapixeles con flash. Cuenta con c\u00e1mara frontal de 5 Mpx. Vive una gran experiencia visual en su pantalla de 6.52\u201d HD+ con notch gota de agua y marcos reducidos. Guarda todos tus contenidos favoritos en sus 64 GB de memoria interna que es expandible hasta 512 GB con microSD. Disfruta de todas tus aplicaciones con un gran desempe\u00f1o gracias a sus 2GB de RAM y a su procesador Unisoc SC9863A Octa Core ((1.6GHz*4) + (1.2GHz*4)). Bater\u00eda de 3200mAh. ZTE Blade A51 es un equipo 4G LTE con Android 11 Go.<\/p>\n","protected":false},"featured_media":676,"comment_status":"open","ping_status":"closed","template":"","meta":{"site-sidebar-layout":"default","site-content-layout":"","ast-site-content-layout":"default","site-content-style":"default","site-sidebar-style":"default","ast-global-header-display":"","ast-banner-title-visibility":"","ast-main-header-display":"","ast-hfb-above-header-display":"","ast-hfb-below-header-display":"","ast-hfb-mobile-header-display":"","site-post-title":"","ast-breadcrumbs-content":"","ast-featured-img":"","footer-sml-layout":"","ast-disable-related-posts":"","theme-transparent-header-meta":"","adv-header-id-meta":"","stick-header-meta":"","header-above-stick-meta":"","header-main-stick-meta":"","header-below-stick-meta":"","astra-migrate-meta-layouts":"default","ast-page-background-enabled":"default","ast-page-background-meta":{"desktop":{"background-color":"var(--ast-global-color-4)","background-image":"","background-repeat":"repeat","background-position":"center center","background-size":"auto","background-attachment":"scroll","background-type":"","background-media":"","overlay-type":"","overlay-color":"","overlay-opacity":"","overlay-gradient":""},"tablet":{"background-color":"","background-image":"","background-repeat":"repeat","background-position":"center center","background-size":"auto","background-attachment":"scroll","background-type":"","background-media":"","overlay-type":"","overlay-color":"","overlay-opacity":"","overlay-gradient":""},"mobile":{"background-color":"","background-image":"","background-repeat":"repeat","background-position":"center center","background-size":"auto","background-attachment":"scroll","background-type":"","background-media":"","overlay-type":"","overlay-color":"","overlay-opacity":"","overlay-gradient":""}},"ast-content-background-meta":{"desktop":{"background-color":"var(--ast-global-color-5)","background-image":"","background-repeat":"repeat","background-position":"center center","background-size":"auto","background-attachment":"scroll","background-type":"","background-media":"","overlay-type":"","overlay-color":"","overlay-opacity":"","overlay-gradient":""},"tablet":{"background-color":"var(--ast-global-color-5)","background-image":"","background-repeat":"repeat","background-position":"center center","background-size":"auto","background-attachment":"scroll","background-type":"","background-media":"","overlay-type":"","overlay-color":"","overlay-opacity":"","overlay-gradient":""},"mobile":{"background-color":"var(--ast-global-color-5)","background-image":"","background-repeat":"repeat","background-position":"center center","background-size":"auto","background-attachment":"scroll","background-type":"","background-media":"","overlay-type":"","overlay-color":"","overlay-opacity":"","overlay-gradient":""}}},"product_brand":[],"product_cat":[41],"product_tag":[],"class_list":{"0":"post-567","1":"product","2":"type-product","3":"status-publish","4":"has-post-thumbnail","6":"product_cat-zte","7":"desktop-align-left","8":"tablet-align-left","9":"mobile-align-left","11":"first","12":"outofstock","13":"sale","14":"shipping-taxable","15":"purchasable","16":"product-type-simple"},"_links":{"self":[{"href":"https:\/\/mipcel.com\/index.php\/wp-json\/wp\/v2\/product\/567","targetHints":{"allow":["GET"]}}],"collection":[{"href":"https:\/\/mipcel.com\/index.php\/wp-json\/wp\/v2\/product"}],"about":[{"href":"https:\/\/mipcel.com\/index.php\/wp-json\/wp\/v2\/types\/product"}],"replies":[{"embeddable":true,"href":"https:\/\/mipcel.com\/index.php\/wp-json\/wp\/v2\/comments?post=567"}],"version-history":[{"count":1,"href":"https:\/\/mipcel.com\/index.php\/wp-json\/wp\/v2\/product\/567\/revisions"}],"predecessor-version":[{"id":681,"href":"https:\/\/mipcel.com\/index.php\/wp-json\/wp\/v2\/product\/567\/revisions\/681"}],"wp:featuredmedia":[{"embeddable":true,"href":"https:\/\/mipcel.com\/index.php\/wp-json\/wp\/v2\/media\/676"}],"wp:attachment":[{"href":"https:\/\/mipcel.com\/index.php\/wp-json\/wp\/v2\/media?parent=567"}],"wp:term":[{"taxonomy":"product_brand","embeddable":true,"href":"https:\/\/mipcel.com\/index.php\/wp-json\/wp\/v2\/product_brand?post=567"},{"taxonomy":"product_cat","embeddable":true,"href":"https:\/\/mipcel.com\/index.php\/wp-json\/wp\/v2\/product_cat?post=567"},{"taxonomy":"product_tag","embeddable":true,"href":"https:\/\/mipcel.com\/index.php\/wp-json\/wp\/v2\/product_tag?post=567"}],"curies":[{"name":"wp","href":"https:\/\/api.w.org\/{rel}","templated":true}]}}