{"id":568,"date":"2023-07-07T14:30:41","date_gmt":"2023-07-07T20:30:41","guid":{"rendered":"https:\/\/mipcel.com\/?post_type=product&#038;p=568"},"modified":"2024-11-08T12:27:53","modified_gmt":"2024-11-08T18:27:53","slug":"xiaomi-redmi-note-11s","status":"publish","type":"product","link":"https:\/\/mipcel.com\/index.php\/producto\/xiaomi-redmi-note-11s\/","title":{"rendered":"Xiaomi Redmi Note 11S"},"content":{"rendered":"<p>Supera el desaf\u00edo con la c\u00e1mara cu\u00e1druple del nuevo Redmi Note 11S. Captura fotos y videos con su c\u00e1mara principal de 108MP, usa su ultra gran angular de 8MP de 118\u00b0 para tomas amplias, captura m\u00e1s detalles con la c\u00e1mara macro de 2MP, obt\u00e9n retratos naturales con su sensor de profundidad de 2MP y saca selfies como nunca con la c\u00e1mara frontal de 16MP.<\/p>\n<p>Disfruta su pantalla AMOLED DotDisplay FHD+ de 6.43\u2019\u2019 que ofrece detalles m\u00e1s vibrantes, con hasta 1000 nits para obtener gran claridad incluso a plena luz del d\u00eda.<\/p>\n<p>Con el Redmi Note 11S te olvidar\u00e1s de llevar tu cargador, porque con su bater\u00eda de 5000mAh, tienes energ\u00eda de sobra con una sola carga. Y con su carga r\u00e1pida Pro de 33W, obtienes carga de a 100% en 58 minutos*.<\/p>\n","protected":false},"excerpt":{"rendered":"<p>Supera el desaf\u00edo con la c\u00e1mara cu\u00e1druple del nuevo Redmi Note 11S. Captura fotos y videos con su c\u00e1mara principal de 108MP, usa su ultra gran angular de 8MP de 118\u00b0 para tomas amplias, captura m\u00e1s detalles con la c\u00e1mara macro de 2MP, obt\u00e9n retratos naturales con su sensor de profundidad de 2MP y saca selfies como nunca con la c\u00e1mara frontal de 16MP.<\/p>\n<p>Disfruta su pantalla AMOLED DotDisplay FHD+ de 6.43\u2019\u2019 que ofrece detalles m\u00e1s vibrantes, con hasta 1000 nits para obtener gran claridad incluso a plena luz del d\u00eda.<\/p>\n<p>Con el Redmi Note 11S te olvidar\u00e1s de llevar tu cargador, porque con su bater\u00eda de 5000mAh, tienes energ\u00eda de sobra con una sola carga. Y con su carga r\u00e1pida Pro de 33W, obtienes carga de a 100% en 58 minutos*.<\/p>\n","protected":false},"featured_media":682,"comment_status":"open","ping_status":"closed","template":"","meta":{"site-sidebar-layout":"default","site-content-layout":"","ast-site-content-layout":"default","site-content-style":"default","site-sidebar-style":"default","ast-global-header-display":"","ast-banner-title-visibility":"","ast-main-header-display":"","ast-hfb-above-header-display":"","ast-hfb-below-header-display":"","ast-hfb-mobile-header-display":"","site-post-title":"","ast-breadcrumbs-content":"","ast-featured-img":"","footer-sml-layout":"","ast-disable-related-posts":"","theme-transparent-header-meta":"","adv-header-id-meta":"","stick-header-meta":"","header-above-stick-meta":"","header-main-stick-meta":"","header-below-stick-meta":"","astra-migrate-meta-layouts":"default","ast-page-background-enabled":"default","ast-page-background-meta":{"desktop":{"background-color":"var(--ast-global-color-4)","background-image":"","background-repeat":"repeat","background-position":"center center","background-size":"auto","background-attachment":"scroll","background-type":"","background-media":"","overlay-type":"","overlay-color":"","overlay-opacity":"","overlay-gradient":""},"tablet":{"background-color":"","background-image":"","background-repeat":"repeat","background-position":"center center","background-size":"auto","background-attachment":"scroll","background-type":"","background-media":"","overlay-type":"","overlay-color":"","overlay-opacity":"","overlay-gradient":""},"mobile":{"background-color":"","background-image":"","background-repeat":"repeat","background-position":"center center","background-size":"auto","background-attachment":"scroll","background-type":"","background-media":"","overlay-type":"","overlay-color":"","overlay-opacity":"","overlay-gradient":""}},"ast-content-background-meta":{"desktop":{"background-color":"var(--ast-global-color-5)","background-image":"","background-repeat":"repeat","background-position":"center center","background-size":"auto","background-attachment":"scroll","background-type":"","background-media":"","overlay-type":"","overlay-color":"","overlay-opacity":"","overlay-gradient":""},"tablet":{"background-color":"var(--ast-global-color-5)","background-image":"","background-repeat":"repeat","background-position":"center center","background-size":"auto","background-attachment":"scroll","background-type":"","background-media":"","overlay-type":"","overlay-color":"","overlay-opacity":"","overlay-gradient":""},"mobile":{"background-color":"var(--ast-global-color-5)","background-image":"","background-repeat":"repeat","background-position":"center center","background-size":"auto","background-attachment":"scroll","background-type":"","background-media":"","overlay-type":"","overlay-color":"","overlay-opacity":"","overlay-gradient":""}}},"product_brand":[],"product_cat":[35],"product_tag":[],"class_list":{"0":"post-568","1":"product","2":"type-product","3":"status-publish","4":"has-post-thumbnail","6":"product_cat-xiaomi","7":"desktop-align-left","8":"tablet-align-left","9":"mobile-align-left","11":"first","12":"outofstock","13":"sale","14":"shipping-taxable","15":"purchasable","16":"product-type-simple"},"_links":{"self":[{"href":"https:\/\/mipcel.com\/index.php\/wp-json\/wp\/v2\/product\/568","targetHints":{"allow":["GET"]}}],"collection":[{"href":"https:\/\/mipcel.com\/index.php\/wp-json\/wp\/v2\/product"}],"about":[{"href":"https:\/\/mipcel.com\/index.php\/wp-json\/wp\/v2\/types\/product"}],"replies":[{"embeddable":true,"href":"https:\/\/mipcel.com\/index.php\/wp-json\/wp\/v2\/comments?post=568"}],"version-history":[{"count":1,"href":"https:\/\/mipcel.com\/index.php\/wp-json\/wp\/v2\/product\/568\/revisions"}],"predecessor-version":[{"id":683,"href":"https:\/\/mipcel.com\/index.php\/wp-json\/wp\/v2\/product\/568\/revisions\/683"}],"wp:featuredmedia":[{"embeddable":true,"href":"https:\/\/mipcel.com\/index.php\/wp-json\/wp\/v2\/media\/682"}],"wp:attachment":[{"href":"https:\/\/mipcel.com\/index.php\/wp-json\/wp\/v2\/media?parent=568"}],"wp:term":[{"taxonomy":"product_brand","embeddable":true,"href":"https:\/\/mipcel.com\/index.php\/wp-json\/wp\/v2\/product_brand?post=568"},{"taxonomy":"product_cat","embeddable":true,"href":"https:\/\/mipcel.com\/index.php\/wp-json\/wp\/v2\/product_cat?post=568"},{"taxonomy":"product_tag","embeddable":true,"href":"https:\/\/mipcel.com\/index.php\/wp-json\/wp\/v2\/product_tag?post=568"}],"curies":[{"name":"wp","href":"https:\/\/api.w.org\/{rel}","templated":true}]}}