{"id":584,"date":"2023-07-07T14:31:05","date_gmt":"2023-07-07T20:31:05","guid":{"rendered":"https:\/\/mipcel.com\/?post_type=product&#038;p=584"},"modified":"2024-11-08T13:34:24","modified_gmt":"2024-11-08T19:34:24","slug":"zte-blade-v41-smart","status":"publish","type":"product","link":"https:\/\/mipcel.com\/index.php\/producto\/zte-blade-v41-smart\/","title":{"rendered":"ZTE Blade V41 Smart"},"content":{"rendered":"<p>Disfruta de todo tu contenido con el nuevo ZTE Blade V41 Smart. Su pantalla IPS HD+ de 6.745&#8243; con tasa de actualizaci\u00f3n de 90Hz te brindar\u00e1 la mejor experiencia visual. Lleva tus fotograf\u00edas al siguiente nivel con la c\u00e1mara triple de 50+2+2 megapixeles que incluyen c\u00e1mara macro y sensor de profundidad efectos incre\u00edbles en tus tomas. Almacena tus contenidos en sus 64 GB de memoria interna expandibles hasta 1 TB con microSD. Cuenta con RAM din\u00e1mica de hasta 5GB (3GB RAM + 2GB de memoria din\u00e1mica). Equipado con procesador Unisoc T606(UMS9230) Octa-Core (2*A75 @ 1.6GHz + 6*A55 @1.6GHz). Bater\u00eda de 5000mAh, tecnolog\u00eda de ahorro de energ\u00eda y carga r\u00e1pida de 22.5 W.<\/p>\n","protected":false},"excerpt":{"rendered":"<p>Disfruta de todo tu contenido con el nuevo ZTE Blade V41 Smart. Su pantalla IPS HD+ de 6.745&#8243; con tasa de actualizaci\u00f3n de 90Hz te brindar\u00e1 la mejor experiencia visual. Lleva tus fotograf\u00edas al siguiente nivel con la c\u00e1mara triple de 50+2+2 megapixeles que incluyen c\u00e1mara macro y sensor de profundidad efectos incre\u00edbles en tus tomas. Almacena tus contenidos en sus 64 GB de memoria interna expandibles hasta 1 TB con microSD. Cuenta con RAM din\u00e1mica de hasta 5GB (3GB RAM + 2GB de memoria din\u00e1mica). Equipado con procesador Unisoc T606(UMS9230) Octa-Core (2*A75 @ 1.6GHz + 6*A55 @1.6GHz). Bater\u00eda de 5000mAh, tecnolog\u00eda de ahorro de energ\u00eda y carga r\u00e1pida de 22.5 W. Lector de<\/p>\n","protected":false},"featured_media":694,"comment_status":"open","ping_status":"closed","template":"","meta":{"site-sidebar-layout":"default","site-content-layout":"","ast-site-content-layout":"default","site-content-style":"default","site-sidebar-style":"default","ast-global-header-display":"","ast-banner-title-visibility":"","ast-main-header-display":"","ast-hfb-above-header-display":"","ast-hfb-below-header-display":"","ast-hfb-mobile-header-display":"","site-post-title":"","ast-breadcrumbs-content":"","ast-featured-img":"","footer-sml-layout":"","ast-disable-related-posts":"","theme-transparent-header-meta":"","adv-header-id-meta":"","stick-header-meta":"","header-above-stick-meta":"","header-main-stick-meta":"","header-below-stick-meta":"","astra-migrate-meta-layouts":"default","ast-page-background-enabled":"default","ast-page-background-meta":{"desktop":{"background-color":"var(--ast-global-color-4)","background-image":"","background-repeat":"repeat","background-position":"center center","background-size":"auto","background-attachment":"scroll","background-type":"","background-media":"","overlay-type":"","overlay-color":"","overlay-opacity":"","overlay-gradient":""},"tablet":{"background-color":"","background-image":"","background-repeat":"repeat","background-position":"center center","background-size":"auto","background-attachment":"scroll","background-type":"","background-media":"","overlay-type":"","overlay-color":"","overlay-opacity":"","overlay-gradient":""},"mobile":{"background-color":"","background-image":"","background-repeat":"repeat","background-position":"center center","background-size":"auto","background-attachment":"scroll","background-type":"","background-media":"","overlay-type":"","overlay-color":"","overlay-opacity":"","overlay-gradient":""}},"ast-content-background-meta":{"desktop":{"background-color":"var(--ast-global-color-5)","background-image":"","background-repeat":"repeat","background-position":"center center","background-size":"auto","background-attachment":"scroll","background-type":"","background-media":"","overlay-type":"","overlay-color":"","overlay-opacity":"","overlay-gradient":""},"tablet":{"background-color":"var(--ast-global-color-5)","background-image":"","background-repeat":"repeat","background-position":"center center","background-size":"auto","background-attachment":"scroll","background-type":"","background-media":"","overlay-type":"","overlay-color":"","overlay-opacity":"","overlay-gradient":""},"mobile":{"background-color":"var(--ast-global-color-5)","background-image":"","background-repeat":"repeat","background-position":"center center","background-size":"auto","background-attachment":"scroll","background-type":"","background-media":"","overlay-type":"","overlay-color":"","overlay-opacity":"","overlay-gradient":""}}},"product_brand":[],"product_cat":[41],"product_tag":[],"class_list":{"0":"post-584","1":"product","2":"type-product","3":"status-publish","4":"has-post-thumbnail","6":"product_cat-zte","7":"desktop-align-left","8":"tablet-align-left","9":"mobile-align-left","11":"first","12":"outofstock","13":"sale","14":"shipping-taxable","15":"purchasable","16":"product-type-simple"},"_links":{"self":[{"href":"https:\/\/mipcel.com\/index.php\/wp-json\/wp\/v2\/product\/584","targetHints":{"allow":["GET"]}}],"collection":[{"href":"https:\/\/mipcel.com\/index.php\/wp-json\/wp\/v2\/product"}],"about":[{"href":"https:\/\/mipcel.com\/index.php\/wp-json\/wp\/v2\/types\/product"}],"replies":[{"embeddable":true,"href":"https:\/\/mipcel.com\/index.php\/wp-json\/wp\/v2\/comments?post=584"}],"version-history":[{"count":1,"href":"https:\/\/mipcel.com\/index.php\/wp-json\/wp\/v2\/product\/584\/revisions"}],"predecessor-version":[{"id":699,"href":"https:\/\/mipcel.com\/index.php\/wp-json\/wp\/v2\/product\/584\/revisions\/699"}],"wp:featuredmedia":[{"embeddable":true,"href":"https:\/\/mipcel.com\/index.php\/wp-json\/wp\/v2\/media\/694"}],"wp:attachment":[{"href":"https:\/\/mipcel.com\/index.php\/wp-json\/wp\/v2\/media?parent=584"}],"wp:term":[{"taxonomy":"product_brand","embeddable":true,"href":"https:\/\/mipcel.com\/index.php\/wp-json\/wp\/v2\/product_brand?post=584"},{"taxonomy":"product_cat","embeddable":true,"href":"https:\/\/mipcel.com\/index.php\/wp-json\/wp\/v2\/product_cat?post=584"},{"taxonomy":"product_tag","embeddable":true,"href":"https:\/\/mipcel.com\/index.php\/wp-json\/wp\/v2\/product_tag?post=584"}],"curies":[{"name":"wp","href":"https:\/\/api.w.org\/{rel}","templated":true}]}}