{"id":586,"date":"2023-07-07T14:31:05","date_gmt":"2023-07-07T20:31:05","guid":{"rendered":"https:\/\/mipcel.com\/?post_type=product&#038;p=586"},"modified":"2023-07-07T14:33:35","modified_gmt":"2023-07-07T20:33:35","slug":"huawei-nova-9","status":"publish","type":"product","link":"https:\/\/mipcel.com\/index.php\/producto\/huawei-nova-9\/","title":{"rendered":"HUAWEI nova 9"},"content":{"rendered":"<p>El\u00a0<strong>Huawei nova 9<\/strong>\u00a0llega como parte de la novena generaci\u00f3n de la serie nova. Con una pantalla OLED de 6.57 pulgadas a resoluci\u00f3n FHD+, el Huawei nova 9 est\u00e1 potenciado por un procesador Snapdragon 778G acompa\u00f1ado de 8GB de RAM, con opci\u00f3n de 128GB o 256GB de almacenamiento interno. En el reverso del nova 9 encontramos una c\u00e1mara cu\u00e1druple con lente principal de 50MP, mientras que la c\u00e1mara frontal es de 32MP. Completando las caracter\u00edsticas del nova 9 encontramos una bater\u00eda de 4300 mAh de carga r\u00e1pida, lector de huellas bajo la pantalla y corre HarmonyOS 2.0.<\/p>\n","protected":false},"excerpt":{"rendered":"<p>El\u00a0<strong>Huawei nova 9<\/strong>\u00a0llega como parte de la novena generaci\u00f3n de la serie nova. Con una pantalla OLED de 6.57 pulgadas a resoluci\u00f3n FHD+, el Huawei nova 9 est\u00e1 potenciado por un procesador Snapdragon 778G acompa\u00f1ado de 8GB de RAM, con opci\u00f3n de 128GB o 256GB de almacenamiento interno. En el reverso del nova 9 encontramos una c\u00e1mara cu\u00e1druple con lente principal de 50MP, mientras que la c\u00e1mara frontal es de 32MP. Completando las caracter\u00edsticas del nova 9 encontramos una bater\u00eda de 4300 mAh de carga r\u00e1pida, lector de huellas bajo la pantalla y corre HarmonyOS 2.0.<\/p>\n","protected":false},"featured_media":706,"comment_status":"open","ping_status":"closed","template":"","meta":{"site-sidebar-layout":"default","site-content-layout":"","ast-site-content-layout":"default","site-content-style":"default","site-sidebar-style":"default","ast-global-header-display":"","ast-banner-title-visibility":"","ast-main-header-display":"","ast-hfb-above-header-display":"","ast-hfb-below-header-display":"","ast-hfb-mobile-header-display":"","site-post-title":"","ast-breadcrumbs-content":"","ast-featured-img":"","footer-sml-layout":"","ast-disable-related-posts":"","theme-transparent-header-meta":"","adv-header-id-meta":"","stick-header-meta":"","header-above-stick-meta":"","header-main-stick-meta":"","header-below-stick-meta":"","astra-migrate-meta-layouts":"default","ast-page-background-enabled":"default","ast-page-background-meta":{"desktop":{"background-color":"var(--ast-global-color-4)","background-image":"","background-repeat":"repeat","background-position":"center center","background-size":"auto","background-attachment":"scroll","background-type":"","background-media":"","overlay-type":"","overlay-color":"","overlay-opacity":"","overlay-gradient":""},"tablet":{"background-color":"","background-image":"","background-repeat":"repeat","background-position":"center center","background-size":"auto","background-attachment":"scroll","background-type":"","background-media":"","overlay-type":"","overlay-color":"","overlay-opacity":"","overlay-gradient":""},"mobile":{"background-color":"","background-image":"","background-repeat":"repeat","background-position":"center center","background-size":"auto","background-attachment":"scroll","background-type":"","background-media":"","overlay-type":"","overlay-color":"","overlay-opacity":"","overlay-gradient":""}},"ast-content-background-meta":{"desktop":{"background-color":"var(--ast-global-color-5)","background-image":"","background-repeat":"repeat","background-position":"center center","background-size":"auto","background-attachment":"scroll","background-type":"","background-media":"","overlay-type":"","overlay-color":"","overlay-opacity":"","overlay-gradient":""},"tablet":{"background-color":"var(--ast-global-color-5)","background-image":"","background-repeat":"repeat","background-position":"center center","background-size":"auto","background-attachment":"scroll","background-type":"","background-media":"","overlay-type":"","overlay-color":"","overlay-opacity":"","overlay-gradient":""},"mobile":{"background-color":"var(--ast-global-color-5)","background-image":"","background-repeat":"repeat","background-position":"center center","background-size":"auto","background-attachment":"scroll","background-type":"","background-media":"","overlay-type":"","overlay-color":"","overlay-opacity":"","overlay-gradient":""}}},"product_brand":[],"product_cat":[40],"product_tag":[],"class_list":{"0":"post-586","1":"product","2":"type-product","3":"status-publish","4":"has-post-thumbnail","6":"product_cat-huawei","7":"desktop-align-left","8":"tablet-align-left","9":"mobile-align-left","11":"first","12":"outofstock","13":"sale","14":"shipping-taxable","15":"purchasable","16":"product-type-simple"},"_links":{"self":[{"href":"https:\/\/mipcel.com\/index.php\/wp-json\/wp\/v2\/product\/586","targetHints":{"allow":["GET"]}}],"collection":[{"href":"https:\/\/mipcel.com\/index.php\/wp-json\/wp\/v2\/product"}],"about":[{"href":"https:\/\/mipcel.com\/index.php\/wp-json\/wp\/v2\/types\/product"}],"replies":[{"embeddable":true,"href":"https:\/\/mipcel.com\/index.php\/wp-json\/wp\/v2\/comments?post=586"}],"version-history":[{"count":1,"href":"https:\/\/mipcel.com\/index.php\/wp-json\/wp\/v2\/product\/586\/revisions"}],"predecessor-version":[{"id":711,"href":"https:\/\/mipcel.com\/index.php\/wp-json\/wp\/v2\/product\/586\/revisions\/711"}],"wp:featuredmedia":[{"embeddable":true,"href":"https:\/\/mipcel.com\/index.php\/wp-json\/wp\/v2\/media\/706"}],"wp:attachment":[{"href":"https:\/\/mipcel.com\/index.php\/wp-json\/wp\/v2\/media?parent=586"}],"wp:term":[{"taxonomy":"product_brand","embeddable":true,"href":"https:\/\/mipcel.com\/index.php\/wp-json\/wp\/v2\/product_brand?post=586"},{"taxonomy":"product_cat","embeddable":true,"href":"https:\/\/mipcel.com\/index.php\/wp-json\/wp\/v2\/product_cat?post=586"},{"taxonomy":"product_tag","embeddable":true,"href":"https:\/\/mipcel.com\/index.php\/wp-json\/wp\/v2\/product_tag?post=586"}],"curies":[{"name":"wp","href":"https:\/\/api.w.org\/{rel}","templated":true}]}}