{"id":587,"date":"2023-07-07T14:31:05","date_gmt":"2023-07-07T20:31:05","guid":{"rendered":"https:\/\/mipcel.com\/?post_type=product&#038;p=587"},"modified":"2024-11-08T12:11:03","modified_gmt":"2024-11-08T18:11:03","slug":"oppo-reno7-256gb","status":"publish","type":"product","link":"https:\/\/mipcel.com\/index.php\/producto\/oppo-reno7-256gb\/","title":{"rendered":"OPPO Reno7 256GB"},"content":{"rendered":"<p>\u00abTU CONEXI\u00d3N AL MUNDO\u00bb<\/p>\n<p>OPPO Reno7 se renueva con un almacenamiento de 256 GB para que guardes todas tus fotos, videos, juegos, apps y documentos. Ya no tendr\u00e1s que decidir qu\u00e9 guardar y qu\u00e9 eliminar. Su pantalla AMOLED FHD+ de 90 Hz te permite ver tus contenidos con calidad, definici\u00f3n y colores superiores. Tambi\u00e9n cuenta con una lente microsc\u00f3pica para explorar el micromundo. Su incre\u00edble zoom de hasta 30x te permite descubrir mundos incre\u00edbles en lo cotidiano. Adem\u00e1s, es el primer smartphone con sensor Sony IMX709 que toma fotos impresionantes con calidad profesional. El equipo cuenta con 8 GB de RAM para que tengas una experiencia fluida al usarlo. Mejor a\u00fan, la ampliaci\u00f3n de RAM te permite usar 8 GB3 de RAM extra para las apps y juegos m\u00e1s demandantes. Disfruta de la potencia y poder de OPPO.<\/p>\n","protected":false},"excerpt":{"rendered":"<p><span style=\"color: #000000\">\u00abTU CONEXI\u00d3N AL MUNDO\u00bb<\/span><\/p>\n<p><span style=\"color: #000000\">OPPO Reno7 se renueva con un almacenamiento de 256 GB para que guardes todas tus fotos, videos, juegos, apps y documentos. Ya no tendr\u00e1s que decidir qu\u00e9 guardar y qu\u00e9 eliminar. Su pantalla AMOLED FHD+ de 90 Hz te permite ver tus contenidos con calidad, definici\u00f3n y colores superiores. Tambi\u00e9n cuenta con una lente microsc\u00f3pica para explorar el micromundo. Su incre\u00edble zoom de hasta 30x te permite descubrir mundos incre\u00edbles en lo cotidiano. Adem\u00e1s, es el primer smartphone con sensor Sony IMX709 que toma fotos impresionantes con calidad profesional. El equipo cuenta con 8 GB de RAM para que tengas una experiencia fluida al usarlo. Mejor a\u00fan, la ampliaci\u00f3n de RAM te permite usar 8 GB3 de RAM extra para las apps y juegos m\u00e1s demandantes. Disfruta de la potencia y poder de OPPO.<\/span><\/p>\n","protected":false},"featured_media":712,"comment_status":"open","ping_status":"closed","template":"","meta":{"site-sidebar-layout":"default","site-content-layout":"","ast-site-content-layout":"default","site-content-style":"default","site-sidebar-style":"default","ast-global-header-display":"","ast-banner-title-visibility":"","ast-main-header-display":"","ast-hfb-above-header-display":"","ast-hfb-below-header-display":"","ast-hfb-mobile-header-display":"","site-post-title":"","ast-breadcrumbs-content":"","ast-featured-img":"","footer-sml-layout":"","ast-disable-related-posts":"","theme-transparent-header-meta":"","adv-header-id-meta":"","stick-header-meta":"","header-above-stick-meta":"","header-main-stick-meta":"","header-below-stick-meta":"","astra-migrate-meta-layouts":"default","ast-page-background-enabled":"default","ast-page-background-meta":{"desktop":{"background-color":"var(--ast-global-color-4)","background-image":"","background-repeat":"repeat","background-position":"center center","background-size":"auto","background-attachment":"scroll","background-type":"","background-media":"","overlay-type":"","overlay-color":"","overlay-opacity":"","overlay-gradient":""},"tablet":{"background-color":"","background-image":"","background-repeat":"repeat","background-position":"center center","background-size":"auto","background-attachment":"scroll","background-type":"","background-media":"","overlay-type":"","overlay-color":"","overlay-opacity":"","overlay-gradient":""},"mobile":{"background-color":"","background-image":"","background-repeat":"repeat","background-position":"center center","background-size":"auto","background-attachment":"scroll","background-type":"","background-media":"","overlay-type":"","overlay-color":"","overlay-opacity":"","overlay-gradient":""}},"ast-content-background-meta":{"desktop":{"background-color":"var(--ast-global-color-5)","background-image":"","background-repeat":"repeat","background-position":"center center","background-size":"auto","background-attachment":"scroll","background-type":"","background-media":"","overlay-type":"","overlay-color":"","overlay-opacity":"","overlay-gradient":""},"tablet":{"background-color":"var(--ast-global-color-5)","background-image":"","background-repeat":"repeat","background-position":"center center","background-size":"auto","background-attachment":"scroll","background-type":"","background-media":"","overlay-type":"","overlay-color":"","overlay-opacity":"","overlay-gradient":""},"mobile":{"background-color":"var(--ast-global-color-5)","background-image":"","background-repeat":"repeat","background-position":"center center","background-size":"auto","background-attachment":"scroll","background-type":"","background-media":"","overlay-type":"","overlay-color":"","overlay-opacity":"","overlay-gradient":""}}},"product_brand":[],"product_cat":[38],"product_tag":[],"class_list":{"0":"post-587","1":"product","2":"type-product","3":"status-publish","4":"has-post-thumbnail","6":"product_cat-oppo","7":"desktop-align-left","8":"tablet-align-left","9":"mobile-align-left","11":"first","12":"outofstock","13":"shipping-taxable","14":"purchasable","15":"product-type-simple"},"_links":{"self":[{"href":"https:\/\/mipcel.com\/index.php\/wp-json\/wp\/v2\/product\/587","targetHints":{"allow":["GET"]}}],"collection":[{"href":"https:\/\/mipcel.com\/index.php\/wp-json\/wp\/v2\/product"}],"about":[{"href":"https:\/\/mipcel.com\/index.php\/wp-json\/wp\/v2\/types\/product"}],"replies":[{"embeddable":true,"href":"https:\/\/mipcel.com\/index.php\/wp-json\/wp\/v2\/comments?post=587"}],"version-history":[{"count":1,"href":"https:\/\/mipcel.com\/index.php\/wp-json\/wp\/v2\/product\/587\/revisions"}],"predecessor-version":[{"id":716,"href":"https:\/\/mipcel.com\/index.php\/wp-json\/wp\/v2\/product\/587\/revisions\/716"}],"wp:featuredmedia":[{"embeddable":true,"href":"https:\/\/mipcel.com\/index.php\/wp-json\/wp\/v2\/media\/712"}],"wp:attachment":[{"href":"https:\/\/mipcel.com\/index.php\/wp-json\/wp\/v2\/media?parent=587"}],"wp:term":[{"taxonomy":"product_brand","embeddable":true,"href":"https:\/\/mipcel.com\/index.php\/wp-json\/wp\/v2\/product_brand?post=587"},{"taxonomy":"product_cat","embeddable":true,"href":"https:\/\/mipcel.com\/index.php\/wp-json\/wp\/v2\/product_cat?post=587"},{"taxonomy":"product_tag","embeddable":true,"href":"https:\/\/mipcel.com\/index.php\/wp-json\/wp\/v2\/product_tag?post=587"}],"curies":[{"name":"wp","href":"https:\/\/api.w.org\/{rel}","templated":true}]}}