{"id":604,"date":"2023-07-07T14:31:27","date_gmt":"2023-07-07T20:31:27","guid":{"rendered":"https:\/\/mipcel.com\/?post_type=product&#038;p=604"},"modified":"2023-07-07T14:33:56","modified_gmt":"2023-07-07T20:33:56","slug":"samsung-galaxy-a04","status":"publish","type":"product","link":"https:\/\/mipcel.com\/index.php\/producto\/samsung-galaxy-a04\/","title":{"rendered":"Samsung Galaxy A04"},"content":{"rendered":"<p>Cuenta con una c\u00e1mara de alta resoluci\u00f3n de 50 MP que hace que tus tomas sean m\u00e1s claras en cualquier ocasi\u00f3n. Con un procesador m\u00e1s r\u00e1pido y RAM Plus, puede mejorar el rendimiento. La gran bater\u00eda de 5.000 mAh y 15W, la carga r\u00e1pida adaptativa te ayuda a disfrutar, tu contenido favorito por m\u00e1s tiempo en un solo cobrar. Adem\u00e1s, tiene una enorme pantalla de 6,5&#8243; para una experiencia visual inmersiva<\/p>\n","protected":false},"excerpt":{"rendered":"<p>\u00abTU CONEXI\u00d3N AL MUNDO\u00bb<\/p>\n<p>Cuenta con una c\u00e1mara de alta resoluci\u00f3n de 50 MP que hace que tus tomas sean m\u00e1s claras en cualquier ocasi\u00f3n. Con un procesador m\u00e1s r\u00e1pido y RAM Plus, puede mejorar el rendimiento. La gran bater\u00eda de 5.000 mAh y 15W, la carga r\u00e1pida adaptativa te ayuda a disfrutar, tu contenido favorito por m\u00e1s tiempo en un solo cobrar. Adem\u00e1s, tiene una enorme pantalla de 6,5&#8243; para una experiencia visual inmersiva<\/p>\n","protected":false},"featured_media":725,"comment_status":"open","ping_status":"closed","template":"","meta":{"site-sidebar-layout":"default","site-content-layout":"","ast-site-content-layout":"default","site-content-style":"default","site-sidebar-style":"default","ast-global-header-display":"","ast-banner-title-visibility":"","ast-main-header-display":"","ast-hfb-above-header-display":"","ast-hfb-below-header-display":"","ast-hfb-mobile-header-display":"","site-post-title":"","ast-breadcrumbs-content":"","ast-featured-img":"","footer-sml-layout":"","ast-disable-related-posts":"","theme-transparent-header-meta":"","adv-header-id-meta":"","stick-header-meta":"","header-above-stick-meta":"","header-main-stick-meta":"","header-below-stick-meta":"","astra-migrate-meta-layouts":"default","ast-page-background-enabled":"default","ast-page-background-meta":{"desktop":{"background-color":"var(--ast-global-color-4)","background-image":"","background-repeat":"repeat","background-position":"center center","background-size":"auto","background-attachment":"scroll","background-type":"","background-media":"","overlay-type":"","overlay-color":"","overlay-opacity":"","overlay-gradient":""},"tablet":{"background-color":"","background-image":"","background-repeat":"repeat","background-position":"center center","background-size":"auto","background-attachment":"scroll","background-type":"","background-media":"","overlay-type":"","overlay-color":"","overlay-opacity":"","overlay-gradient":""},"mobile":{"background-color":"","background-image":"","background-repeat":"repeat","background-position":"center center","background-size":"auto","background-attachment":"scroll","background-type":"","background-media":"","overlay-type":"","overlay-color":"","overlay-opacity":"","overlay-gradient":""}},"ast-content-background-meta":{"desktop":{"background-color":"var(--ast-global-color-5)","background-image":"","background-repeat":"repeat","background-position":"center center","background-size":"auto","background-attachment":"scroll","background-type":"","background-media":"","overlay-type":"","overlay-color":"","overlay-opacity":"","overlay-gradient":""},"tablet":{"background-color":"var(--ast-global-color-5)","background-image":"","background-repeat":"repeat","background-position":"center center","background-size":"auto","background-attachment":"scroll","background-type":"","background-media":"","overlay-type":"","overlay-color":"","overlay-opacity":"","overlay-gradient":""},"mobile":{"background-color":"var(--ast-global-color-5)","background-image":"","background-repeat":"repeat","background-position":"center center","background-size":"auto","background-attachment":"scroll","background-type":"","background-media":"","overlay-type":"","overlay-color":"","overlay-opacity":"","overlay-gradient":""}}},"product_brand":[],"product_cat":[36],"product_tag":[],"class_list":{"0":"post-604","1":"product","2":"type-product","3":"status-publish","4":"has-post-thumbnail","6":"product_cat-samsung","7":"desktop-align-left","8":"tablet-align-left","9":"mobile-align-left","11":"first","12":"outofstock","13":"shipping-taxable","14":"purchasable","15":"product-type-simple"},"_links":{"self":[{"href":"https:\/\/mipcel.com\/index.php\/wp-json\/wp\/v2\/product\/604","targetHints":{"allow":["GET"]}}],"collection":[{"href":"https:\/\/mipcel.com\/index.php\/wp-json\/wp\/v2\/product"}],"about":[{"href":"https:\/\/mipcel.com\/index.php\/wp-json\/wp\/v2\/types\/product"}],"replies":[{"embeddable":true,"href":"https:\/\/mipcel.com\/index.php\/wp-json\/wp\/v2\/comments?post=604"}],"version-history":[{"count":1,"href":"https:\/\/mipcel.com\/index.php\/wp-json\/wp\/v2\/product\/604\/revisions"}],"predecessor-version":[{"id":730,"href":"https:\/\/mipcel.com\/index.php\/wp-json\/wp\/v2\/product\/604\/revisions\/730"}],"wp:featuredmedia":[{"embeddable":true,"href":"https:\/\/mipcel.com\/index.php\/wp-json\/wp\/v2\/media\/725"}],"wp:attachment":[{"href":"https:\/\/mipcel.com\/index.php\/wp-json\/wp\/v2\/media?parent=604"}],"wp:term":[{"taxonomy":"product_brand","embeddable":true,"href":"https:\/\/mipcel.com\/index.php\/wp-json\/wp\/v2\/product_brand?post=604"},{"taxonomy":"product_cat","embeddable":true,"href":"https:\/\/mipcel.com\/index.php\/wp-json\/wp\/v2\/product_cat?post=604"},{"taxonomy":"product_tag","embeddable":true,"href":"https:\/\/mipcel.com\/index.php\/wp-json\/wp\/v2\/product_tag?post=604"}],"curies":[{"name":"wp","href":"https:\/\/api.w.org\/{rel}","templated":true}]}}