{"id":605,"date":"2023-07-07T14:31:27","date_gmt":"2023-07-07T20:31:27","guid":{"rendered":"https:\/\/mipcel.com\/?post_type=product&#038;p=605"},"modified":"2024-11-08T11:50:25","modified_gmt":"2024-11-08T17:50:25","slug":"oppo-a77-azul","status":"publish","type":"product","link":"https:\/\/mipcel.com\/index.php\/producto\/oppo-a77-azul\/","title":{"rendered":"Oppo A77 Azul"},"content":{"rendered":"<p>OPPO A77 te brinda el poder que necesitas para tu vida diaria gracias a su cargador de 33W SuperVOOCTM y bater\u00eda de 5000mAh. Disfruta de esta poderosa combinaci\u00f3n.<br \/>\nSus 4GB de memoria RAM pueden con todo tipo de tareas y sus 128 GB de ROM te permiten guardar todo lo que necesitas. Si requieres m\u00e1s poder, la ampliaci\u00f3n de RAM transforma hasta 4GB libres de memoria ROM a RAM.<br \/>\nLa c\u00e1mara dual IA de 50MP ofrece fotos v\u00edvidas y de gran claridad. Goza su gran definici\u00f3n y funciones con IA. La tecnolog\u00eda y el arte se unen para ofrecerte una gran experiencia fotogr\u00e1fica.<br \/>\nVive tus contenidos multimedia con la pantalla rica en color de 6.56&#8243;. No pierdas ning\u00fan detalle de tus fotos y admira cada fotograma de tus videos y pel\u00edculas favoritas. Usar tus apps tambi\u00e9n es m\u00e1s colorido y n\u00edtido que antes.<\/p>\n","protected":false},"excerpt":{"rendered":"<p>OPPO A77 te brinda el poder que necesitas para tu vida diaria gracias a su cargador de 33W SuperVOOCTM y bater\u00eda de 5000mAh. Disfruta de esta poderosa combinaci\u00f3n.<br \/>\nSus 4GB de memoria RAM pueden con todo tipo de tareas y sus 128 GB de ROM te permiten guardar todo lo que necesitas. Si requieres m\u00e1s poder, la ampliaci\u00f3n de RAM transforma hasta 4GB libres de memoria ROM a RAM.<br \/>\nLa c\u00e1mara dual IA de 50MP ofrece fotos v\u00edvidas y de gran claridad. Goza su gran definici\u00f3n y funciones con IA. La tecnolog\u00eda y el arte se unen para ofrecerte una gran experiencia fotogr\u00e1fica.<br \/>\nVive tus contenidos multimedia con la pantalla rica en color de 6.56&#8243;. No pierdas ning\u00fan detalle de tus fotos y admira cada fotograma de tus videos y pel\u00edculas favoritas. Usar tus apps tambi\u00e9n es m\u00e1s colorido y n\u00edtido que antes.<\/p>\n","protected":false},"featured_media":731,"comment_status":"open","ping_status":"closed","template":"","meta":{"site-sidebar-layout":"default","site-content-layout":"","ast-site-content-layout":"default","site-content-style":"default","site-sidebar-style":"default","ast-global-header-display":"","ast-banner-title-visibility":"","ast-main-header-display":"","ast-hfb-above-header-display":"","ast-hfb-below-header-display":"","ast-hfb-mobile-header-display":"","site-post-title":"","ast-breadcrumbs-content":"","ast-featured-img":"","footer-sml-layout":"","ast-disable-related-posts":"","theme-transparent-header-meta":"","adv-header-id-meta":"","stick-header-meta":"","header-above-stick-meta":"","header-main-stick-meta":"","header-below-stick-meta":"","astra-migrate-meta-layouts":"default","ast-page-background-enabled":"default","ast-page-background-meta":{"desktop":{"background-color":"var(--ast-global-color-4)","background-image":"","background-repeat":"repeat","background-position":"center center","background-size":"auto","background-attachment":"scroll","background-type":"","background-media":"","overlay-type":"","overlay-color":"","overlay-opacity":"","overlay-gradient":""},"tablet":{"background-color":"","background-image":"","background-repeat":"repeat","background-position":"center center","background-size":"auto","background-attachment":"scroll","background-type":"","background-media":"","overlay-type":"","overlay-color":"","overlay-opacity":"","overlay-gradient":""},"mobile":{"background-color":"","background-image":"","background-repeat":"repeat","background-position":"center center","background-size":"auto","background-attachment":"scroll","background-type":"","background-media":"","overlay-type":"","overlay-color":"","overlay-opacity":"","overlay-gradient":""}},"ast-content-background-meta":{"desktop":{"background-color":"var(--ast-global-color-5)","background-image":"","background-repeat":"repeat","background-position":"center center","background-size":"auto","background-attachment":"scroll","background-type":"","background-media":"","overlay-type":"","overlay-color":"","overlay-opacity":"","overlay-gradient":""},"tablet":{"background-color":"var(--ast-global-color-5)","background-image":"","background-repeat":"repeat","background-position":"center center","background-size":"auto","background-attachment":"scroll","background-type":"","background-media":"","overlay-type":"","overlay-color":"","overlay-opacity":"","overlay-gradient":""},"mobile":{"background-color":"var(--ast-global-color-5)","background-image":"","background-repeat":"repeat","background-position":"center center","background-size":"auto","background-attachment":"scroll","background-type":"","background-media":"","overlay-type":"","overlay-color":"","overlay-opacity":"","overlay-gradient":""}}},"product_brand":[],"product_cat":[38],"product_tag":[],"class_list":{"0":"post-605","1":"product","2":"type-product","3":"status-publish","4":"has-post-thumbnail","6":"product_cat-oppo","7":"desktop-align-left","8":"tablet-align-left","9":"mobile-align-left","11":"first","12":"outofstock","13":"shipping-taxable","14":"purchasable","15":"product-type-simple"},"_links":{"self":[{"href":"https:\/\/mipcel.com\/index.php\/wp-json\/wp\/v2\/product\/605","targetHints":{"allow":["GET"]}}],"collection":[{"href":"https:\/\/mipcel.com\/index.php\/wp-json\/wp\/v2\/product"}],"about":[{"href":"https:\/\/mipcel.com\/index.php\/wp-json\/wp\/v2\/types\/product"}],"replies":[{"embeddable":true,"href":"https:\/\/mipcel.com\/index.php\/wp-json\/wp\/v2\/comments?post=605"}],"version-history":[{"count":1,"href":"https:\/\/mipcel.com\/index.php\/wp-json\/wp\/v2\/product\/605\/revisions"}],"predecessor-version":[{"id":736,"href":"https:\/\/mipcel.com\/index.php\/wp-json\/wp\/v2\/product\/605\/revisions\/736"}],"wp:featuredmedia":[{"embeddable":true,"href":"https:\/\/mipcel.com\/index.php\/wp-json\/wp\/v2\/media\/731"}],"wp:attachment":[{"href":"https:\/\/mipcel.com\/index.php\/wp-json\/wp\/v2\/media?parent=605"}],"wp:term":[{"taxonomy":"product_brand","embeddable":true,"href":"https:\/\/mipcel.com\/index.php\/wp-json\/wp\/v2\/product_brand?post=605"},{"taxonomy":"product_cat","embeddable":true,"href":"https:\/\/mipcel.com\/index.php\/wp-json\/wp\/v2\/product_cat?post=605"},{"taxonomy":"product_tag","embeddable":true,"href":"https:\/\/mipcel.com\/index.php\/wp-json\/wp\/v2\/product_tag?post=605"}],"curies":[{"name":"wp","href":"https:\/\/api.w.org\/{rel}","templated":true}]}}