{"id":607,"date":"2023-07-07T14:31:27","date_gmt":"2023-07-07T20:31:27","guid":{"rendered":"https:\/\/mipcel.com\/?post_type=product&#038;p=607"},"modified":"2024-11-08T12:00:42","modified_gmt":"2024-11-08T18:00:42","slug":"motorola-g60s","status":"publish","type":"product","link":"https:\/\/mipcel.com\/index.php\/producto\/motorola-g60s\/","title":{"rendered":"Motorola G60s"},"content":{"rendered":"<p>El nuevo moto g60s cuenta con TurboPower\u2122, el sistema de carga m\u00e1s veloz hasta el momento1, que te permite obtener 12 horas de carga en 12 minutos2. La velocidad no termina aqu\u00ed. \u00bfBuscas una pantalla super fluida? Con la frecuencia de actualizaci\u00f3n de 120 Hz, obtendr\u00e1s un funcionamiento r\u00e1pido sin interrupciones. \u00bfNecesitas un desempe\u00f1o veloz para tus juegos favoritos? Con el procesador MediaTek Helio G95, es posible. \u00bfBuscas m\u00e1s que solo velocidad? Obtendr\u00e1s un sistema de cuatro c\u00e1maras con 64 MP y almacenamiento de 128 GB3. Impresionante, \u00bfno? Buscas un moto g que funcione a toda velocidad. Dalo por hecho.<\/p>\n","protected":false},"excerpt":{"rendered":"<p>El nuevo moto g60s cuenta con TurboPower\u2122, el sistema de carga m\u00e1s veloz hasta el momento1, que te permite obtener 12 horas de carga en 12 minutos2. La velocidad no termina aqu\u00ed. \u00bfBuscas una pantalla super fluida? Con la frecuencia de actualizaci\u00f3n de 120 Hz, obtendr\u00e1s un funcionamiento r\u00e1pido sin interrupciones. \u00bfNecesitas un desempe\u00f1o veloz para tus juegos favoritos? Con el procesador MediaTek Helio G95, es posible. \u00bfBuscas m\u00e1s que solo velocidad? Obtendr\u00e1s un sistema de cuatro c\u00e1maras con 64 MP y almacenamiento de 128 GB3. Impresionante, \u00bfno? Buscas un moto g que funcione a toda velocidad. Dalo por hecho.<\/p>\n","protected":false},"featured_media":743,"comment_status":"open","ping_status":"closed","template":"","meta":{"site-sidebar-layout":"default","site-content-layout":"","ast-site-content-layout":"default","site-content-style":"default","site-sidebar-style":"default","ast-global-header-display":"","ast-banner-title-visibility":"","ast-main-header-display":"","ast-hfb-above-header-display":"","ast-hfb-below-header-display":"","ast-hfb-mobile-header-display":"","site-post-title":"","ast-breadcrumbs-content":"","ast-featured-img":"","footer-sml-layout":"","ast-disable-related-posts":"","theme-transparent-header-meta":"","adv-header-id-meta":"","stick-header-meta":"","header-above-stick-meta":"","header-main-stick-meta":"","header-below-stick-meta":"","astra-migrate-meta-layouts":"default","ast-page-background-enabled":"default","ast-page-background-meta":{"desktop":{"background-color":"var(--ast-global-color-4)","background-image":"","background-repeat":"repeat","background-position":"center center","background-size":"auto","background-attachment":"scroll","background-type":"","background-media":"","overlay-type":"","overlay-color":"","overlay-opacity":"","overlay-gradient":""},"tablet":{"background-color":"","background-image":"","background-repeat":"repeat","background-position":"center center","background-size":"auto","background-attachment":"scroll","background-type":"","background-media":"","overlay-type":"","overlay-color":"","overlay-opacity":"","overlay-gradient":""},"mobile":{"background-color":"","background-image":"","background-repeat":"repeat","background-position":"center center","background-size":"auto","background-attachment":"scroll","background-type":"","background-media":"","overlay-type":"","overlay-color":"","overlay-opacity":"","overlay-gradient":""}},"ast-content-background-meta":{"desktop":{"background-color":"var(--ast-global-color-5)","background-image":"","background-repeat":"repeat","background-position":"center center","background-size":"auto","background-attachment":"scroll","background-type":"","background-media":"","overlay-type":"","overlay-color":"","overlay-opacity":"","overlay-gradient":""},"tablet":{"background-color":"var(--ast-global-color-5)","background-image":"","background-repeat":"repeat","background-position":"center center","background-size":"auto","background-attachment":"scroll","background-type":"","background-media":"","overlay-type":"","overlay-color":"","overlay-opacity":"","overlay-gradient":""},"mobile":{"background-color":"var(--ast-global-color-5)","background-image":"","background-repeat":"repeat","background-position":"center center","background-size":"auto","background-attachment":"scroll","background-type":"","background-media":"","overlay-type":"","overlay-color":"","overlay-opacity":"","overlay-gradient":""}}},"product_brand":[],"product_cat":[33],"product_tag":[],"class_list":{"0":"post-607","1":"product","2":"type-product","3":"status-publish","4":"has-post-thumbnail","6":"product_cat-motorola","7":"desktop-align-left","8":"tablet-align-left","9":"mobile-align-left","11":"first","12":"outofstock","13":"shipping-taxable","14":"purchasable","15":"product-type-simple"},"_links":{"self":[{"href":"https:\/\/mipcel.com\/index.php\/wp-json\/wp\/v2\/product\/607","targetHints":{"allow":["GET"]}}],"collection":[{"href":"https:\/\/mipcel.com\/index.php\/wp-json\/wp\/v2\/product"}],"about":[{"href":"https:\/\/mipcel.com\/index.php\/wp-json\/wp\/v2\/types\/product"}],"replies":[{"embeddable":true,"href":"https:\/\/mipcel.com\/index.php\/wp-json\/wp\/v2\/comments?post=607"}],"version-history":[{"count":1,"href":"https:\/\/mipcel.com\/index.php\/wp-json\/wp\/v2\/product\/607\/revisions"}],"predecessor-version":[{"id":748,"href":"https:\/\/mipcel.com\/index.php\/wp-json\/wp\/v2\/product\/607\/revisions\/748"}],"wp:featuredmedia":[{"embeddable":true,"href":"https:\/\/mipcel.com\/index.php\/wp-json\/wp\/v2\/media\/743"}],"wp:attachment":[{"href":"https:\/\/mipcel.com\/index.php\/wp-json\/wp\/v2\/media?parent=607"}],"wp:term":[{"taxonomy":"product_brand","embeddable":true,"href":"https:\/\/mipcel.com\/index.php\/wp-json\/wp\/v2\/product_brand?post=607"},{"taxonomy":"product_cat","embeddable":true,"href":"https:\/\/mipcel.com\/index.php\/wp-json\/wp\/v2\/product_cat?post=607"},{"taxonomy":"product_tag","embeddable":true,"href":"https:\/\/mipcel.com\/index.php\/wp-json\/wp\/v2\/product_tag?post=607"}],"curies":[{"name":"wp","href":"https:\/\/api.w.org\/{rel}","templated":true}]}}