{"id":608,"date":"2023-07-07T14:31:27","date_gmt":"2023-07-07T20:31:27","guid":{"rendered":"https:\/\/mipcel.com\/?post_type=product&#038;p=608"},"modified":"2024-11-08T13:34:09","modified_gmt":"2024-11-08T19:34:09","slug":"motorola-g53-5g","status":"publish","type":"product","link":"https:\/\/mipcel.com\/index.php\/producto\/motorola-g53-5g\/","title":{"rendered":"Motorola G53 5G"},"content":{"rendered":"<p>Con el moto g53 5G, puedes tomar fotos espectaculares al instante. Captura im\u00e1genes detalladas de d\u00eda y de noche con el sistema de c\u00e1maras de 50 MP. Comparte estos momentos r\u00e1pidamente en tus redes sociales favoritas. Con el procesador Snapdragon\u00ae 480+ 5G1, puedes aprovechar al m\u00e1ximo las conexiones r\u00e1pidas de la actualidad2. El moto g53 5G tambi\u00e9n cuenta con una incre\u00edble frecuencia de actualizaci\u00f3n con 120 Hz para brindarte una experiencia de juego y desplazamiento inigualable. Disfruta la vista amplia que ofrecen los bordes estrechos de la pantalla de 6.5&#8243;. Sum\u00e9rgete en el sonido multidimensional de Dolby Atmos\u00ae3 y los altavoces est\u00e9reo. Gracias a la bater\u00eda de 5,000 mAh, usa tu tel\u00e9fono al m\u00e1ximo todo el d\u00eda con redes 5G2. Adem\u00e1s de estos beneficios, con un dise\u00f1o elegante, el moto g53 5G luce incre\u00edble desde donde lo mires.<\/p>\n","protected":false},"excerpt":{"rendered":"<p>Con el moto g53 5G, puedes tomar fotos espectaculares al instante. Captura im\u00e1genes detalladas de d\u00eda y de noche con el sistema de c\u00e1maras de 50 MP. Comparte estos momentos r\u00e1pidamente en tus redes sociales favoritas. Con el procesador Snapdragon\u00ae 480+ 5G1, puedes aprovechar al m\u00e1ximo las conexiones r\u00e1pidas de la actualidad2. El moto g53 5G tambi\u00e9n cuenta con una incre\u00edble frecuencia de actualizaci\u00f3n con 120 Hz para brindarte una experiencia de juego y desplazamiento inigualable. Disfruta la vista amplia que ofrecen los bordes estrechos de la pantalla de 6.5&#8243;. Sum\u00e9rgete en el sonido multidimensional de Dolby Atmos\u00ae3 y los altavoces est\u00e9reo. Gracias a la bater\u00eda de 5,000 mAh, usa tu tel\u00e9fono al m\u00e1ximo todo el d\u00eda con redes 5G2. Adem\u00e1s de estos beneficios, con un dise\u00f1o elegante, el moto g53 5G luce incre\u00edble desde donde lo mires.<\/p>\n","protected":false},"featured_media":749,"comment_status":"open","ping_status":"closed","template":"","meta":{"site-sidebar-layout":"default","site-content-layout":"","ast-site-content-layout":"default","site-content-style":"default","site-sidebar-style":"default","ast-global-header-display":"","ast-banner-title-visibility":"","ast-main-header-display":"","ast-hfb-above-header-display":"","ast-hfb-below-header-display":"","ast-hfb-mobile-header-display":"","site-post-title":"","ast-breadcrumbs-content":"","ast-featured-img":"","footer-sml-layout":"","ast-disable-related-posts":"","theme-transparent-header-meta":"","adv-header-id-meta":"","stick-header-meta":"","header-above-stick-meta":"","header-main-stick-meta":"","header-below-stick-meta":"","astra-migrate-meta-layouts":"default","ast-page-background-enabled":"default","ast-page-background-meta":{"desktop":{"background-color":"var(--ast-global-color-4)","background-image":"","background-repeat":"repeat","background-position":"center center","background-size":"auto","background-attachment":"scroll","background-type":"","background-media":"","overlay-type":"","overlay-color":"","overlay-opacity":"","overlay-gradient":""},"tablet":{"background-color":"","background-image":"","background-repeat":"repeat","background-position":"center center","background-size":"auto","background-attachment":"scroll","background-type":"","background-media":"","overlay-type":"","overlay-color":"","overlay-opacity":"","overlay-gradient":""},"mobile":{"background-color":"","background-image":"","background-repeat":"repeat","background-position":"center center","background-size":"auto","background-attachment":"scroll","background-type":"","background-media":"","overlay-type":"","overlay-color":"","overlay-opacity":"","overlay-gradient":""}},"ast-content-background-meta":{"desktop":{"background-color":"var(--ast-global-color-5)","background-image":"","background-repeat":"repeat","background-position":"center center","background-size":"auto","background-attachment":"scroll","background-type":"","background-media":"","overlay-type":"","overlay-color":"","overlay-opacity":"","overlay-gradient":""},"tablet":{"background-color":"var(--ast-global-color-5)","background-image":"","background-repeat":"repeat","background-position":"center center","background-size":"auto","background-attachment":"scroll","background-type":"","background-media":"","overlay-type":"","overlay-color":"","overlay-opacity":"","overlay-gradient":""},"mobile":{"background-color":"var(--ast-global-color-5)","background-image":"","background-repeat":"repeat","background-position":"center center","background-size":"auto","background-attachment":"scroll","background-type":"","background-media":"","overlay-type":"","overlay-color":"","overlay-opacity":"","overlay-gradient":""}}},"product_brand":[],"product_cat":[33],"product_tag":[],"class_list":{"0":"post-608","1":"product","2":"type-product","3":"status-publish","4":"has-post-thumbnail","6":"product_cat-motorola","7":"desktop-align-left","8":"tablet-align-left","9":"mobile-align-left","11":"first","12":"outofstock","13":"shipping-taxable","14":"purchasable","15":"product-type-simple"},"_links":{"self":[{"href":"https:\/\/mipcel.com\/index.php\/wp-json\/wp\/v2\/product\/608","targetHints":{"allow":["GET"]}}],"collection":[{"href":"https:\/\/mipcel.com\/index.php\/wp-json\/wp\/v2\/product"}],"about":[{"href":"https:\/\/mipcel.com\/index.php\/wp-json\/wp\/v2\/types\/product"}],"replies":[{"embeddable":true,"href":"https:\/\/mipcel.com\/index.php\/wp-json\/wp\/v2\/comments?post=608"}],"version-history":[{"count":1,"href":"https:\/\/mipcel.com\/index.php\/wp-json\/wp\/v2\/product\/608\/revisions"}],"predecessor-version":[{"id":754,"href":"https:\/\/mipcel.com\/index.php\/wp-json\/wp\/v2\/product\/608\/revisions\/754"}],"wp:featuredmedia":[{"embeddable":true,"href":"https:\/\/mipcel.com\/index.php\/wp-json\/wp\/v2\/media\/749"}],"wp:attachment":[{"href":"https:\/\/mipcel.com\/index.php\/wp-json\/wp\/v2\/media?parent=608"}],"wp:term":[{"taxonomy":"product_brand","embeddable":true,"href":"https:\/\/mipcel.com\/index.php\/wp-json\/wp\/v2\/product_brand?post=608"},{"taxonomy":"product_cat","embeddable":true,"href":"https:\/\/mipcel.com\/index.php\/wp-json\/wp\/v2\/product_cat?post=608"},{"taxonomy":"product_tag","embeddable":true,"href":"https:\/\/mipcel.com\/index.php\/wp-json\/wp\/v2\/product_tag?post=608"}],"curies":[{"name":"wp","href":"https:\/\/api.w.org\/{rel}","templated":true}]}}