{"id":634,"date":"2023-07-07T14:31:48","date_gmt":"2023-07-07T20:31:48","guid":{"rendered":"https:\/\/mipcel.com\/?post_type=product&#038;p=634"},"modified":"2024-11-08T11:45:44","modified_gmt":"2024-11-08T17:45:44","slug":"xiaomi-note-11-pro-5g","status":"publish","type":"product","link":"https:\/\/mipcel.com\/index.php\/producto\/xiaomi-note-11-pro-5g\/","title":{"rendered":"Xiaomi Note 11 Pro 5G"},"content":{"rendered":"<p>Captura fotos de la mejor calidad con la c\u00e1mara principal de 108MP, captura sorprendentes fotos con los lentes ultra gran angular y macro. Captura selfies como nunca con la c\u00e1mara frontal de 16MP.<\/p>\n<p>Disfruta su pantalla 6.67&#8243;\u00a0 (1080&#215;2400 FHD+) AMOLED DotDisplay y 120Hz de tasa de actualizaci\u00f3n. ofreciendo la mejor fluidez en la experiencia de uso.<\/p>\n<p>Con el Redmi Note 11 Pro 5G tendr\u00e1s una bater\u00eda de 5000mAh, por lo que tendr\u00e1s energ\u00eda de sobra con una sola carga. Con la carga r\u00e1pida de 67W, obtienes carga de 0 a 50% en 15 minutos*.<\/p>\n","protected":false},"excerpt":{"rendered":"<p>Captura fotos de la mejor calidad con la c\u00e1mara principal de 108MP, captura sorprendentes fotos con los lentes ultra gran angular y macro. Captura selfies como nunca con la c\u00e1mara frontal de 16MP.<\/p>\n<p>Disfruta su pantalla 6.67&#8243;\u00a0 (1080&#215;2400 FHD+) AMOLED DotDisplay y 120Hz de tasa de actualizaci\u00f3n. ofreciendo la mejor fluidez en la experiencia de uso.<\/p>\n<p>Con el Redmi Note 11 Pro 5G tendr\u00e1s una bater\u00eda de 5000mAh, por lo que tendr\u00e1s energ\u00eda de sobra con una sola carga. Con la carga r\u00e1pida de 67W, obtienes carga de 0 a 50% en 15 minutos*.<\/p>\n","protected":false},"featured_media":761,"comment_status":"open","ping_status":"closed","template":"","meta":{"site-sidebar-layout":"default","site-content-layout":"","ast-site-content-layout":"default","site-content-style":"default","site-sidebar-style":"default","ast-global-header-display":"","ast-banner-title-visibility":"","ast-main-header-display":"","ast-hfb-above-header-display":"","ast-hfb-below-header-display":"","ast-hfb-mobile-header-display":"","site-post-title":"","ast-breadcrumbs-content":"","ast-featured-img":"","footer-sml-layout":"","ast-disable-related-posts":"","theme-transparent-header-meta":"","adv-header-id-meta":"","stick-header-meta":"","header-above-stick-meta":"","header-main-stick-meta":"","header-below-stick-meta":"","astra-migrate-meta-layouts":"default","ast-page-background-enabled":"default","ast-page-background-meta":{"desktop":{"background-color":"var(--ast-global-color-4)","background-image":"","background-repeat":"repeat","background-position":"center center","background-size":"auto","background-attachment":"scroll","background-type":"","background-media":"","overlay-type":"","overlay-color":"","overlay-opacity":"","overlay-gradient":""},"tablet":{"background-color":"","background-image":"","background-repeat":"repeat","background-position":"center center","background-size":"auto","background-attachment":"scroll","background-type":"","background-media":"","overlay-type":"","overlay-color":"","overlay-opacity":"","overlay-gradient":""},"mobile":{"background-color":"","background-image":"","background-repeat":"repeat","background-position":"center center","background-size":"auto","background-attachment":"scroll","background-type":"","background-media":"","overlay-type":"","overlay-color":"","overlay-opacity":"","overlay-gradient":""}},"ast-content-background-meta":{"desktop":{"background-color":"var(--ast-global-color-5)","background-image":"","background-repeat":"repeat","background-position":"center center","background-size":"auto","background-attachment":"scroll","background-type":"","background-media":"","overlay-type":"","overlay-color":"","overlay-opacity":"","overlay-gradient":""},"tablet":{"background-color":"var(--ast-global-color-5)","background-image":"","background-repeat":"repeat","background-position":"center center","background-size":"auto","background-attachment":"scroll","background-type":"","background-media":"","overlay-type":"","overlay-color":"","overlay-opacity":"","overlay-gradient":""},"mobile":{"background-color":"var(--ast-global-color-5)","background-image":"","background-repeat":"repeat","background-position":"center center","background-size":"auto","background-attachment":"scroll","background-type":"","background-media":"","overlay-type":"","overlay-color":"","overlay-opacity":"","overlay-gradient":""}}},"product_brand":[],"product_cat":[35],"product_tag":[],"class_list":{"0":"post-634","1":"product","2":"type-product","3":"status-publish","4":"has-post-thumbnail","6":"product_cat-xiaomi","7":"desktop-align-left","8":"tablet-align-left","9":"mobile-align-left","11":"first","12":"outofstock","13":"shipping-taxable","14":"purchasable","15":"product-type-simple"},"_links":{"self":[{"href":"https:\/\/mipcel.com\/index.php\/wp-json\/wp\/v2\/product\/634","targetHints":{"allow":["GET"]}}],"collection":[{"href":"https:\/\/mipcel.com\/index.php\/wp-json\/wp\/v2\/product"}],"about":[{"href":"https:\/\/mipcel.com\/index.php\/wp-json\/wp\/v2\/types\/product"}],"replies":[{"embeddable":true,"href":"https:\/\/mipcel.com\/index.php\/wp-json\/wp\/v2\/comments?post=634"}],"version-history":[{"count":1,"href":"https:\/\/mipcel.com\/index.php\/wp-json\/wp\/v2\/product\/634\/revisions"}],"predecessor-version":[{"id":764,"href":"https:\/\/mipcel.com\/index.php\/wp-json\/wp\/v2\/product\/634\/revisions\/764"}],"wp:featuredmedia":[{"embeddable":true,"href":"https:\/\/mipcel.com\/index.php\/wp-json\/wp\/v2\/media\/761"}],"wp:attachment":[{"href":"https:\/\/mipcel.com\/index.php\/wp-json\/wp\/v2\/media?parent=634"}],"wp:term":[{"taxonomy":"product_brand","embeddable":true,"href":"https:\/\/mipcel.com\/index.php\/wp-json\/wp\/v2\/product_brand?post=634"},{"taxonomy":"product_cat","embeddable":true,"href":"https:\/\/mipcel.com\/index.php\/wp-json\/wp\/v2\/product_cat?post=634"},{"taxonomy":"product_tag","embeddable":true,"href":"https:\/\/mipcel.com\/index.php\/wp-json\/wp\/v2\/product_tag?post=634"}],"curies":[{"name":"wp","href":"https:\/\/api.w.org\/{rel}","templated":true}]}}